{"id":7776,"date":"2024-06-19T14:44:19","date_gmt":"2024-06-19T12:44:19","guid":{"rendered":"https:\/\/www.crmcarecloud.com\/?page_id=7776"},"modified":"2025-06-09T18:39:15","modified_gmt":"2025-06-09T16:39:15","slug":"release-notes-prehled","status":"publish","type":"page","link":"https:\/\/www.crmcarecloud.com\/cz\/blog\/release-notes-prehled\/","title":{"rendered":"Release Notes"},"content":{"rendered":"<h2>\n\t\tP\u0159ehled nov\u00fdch funkcionalit\n\t<\/h2>\n\t<p>P\u0159in\u00e1\u0161\u00edme v\u00e1m podrobn\u00fd p\u0159ehled o nejnov\u011bj\u0161\u00edch funkc\u00edch, kter\u00e9 zv\u00fd\u0161\u00ed va\u0161i produktivitu, a opravy chyb, kter\u00e9 zlep\u0161\u00ed stabilitu a spolehlivost na\u0161eho produktu. Seznamte se s optimalizacemi v\u00fdkonu, kter\u00e9 zajist\u00ed rychlej\u0161\u00ed a efektivn\u011bj\u0161\u00ed pr\u00e1ci, a objevte vylep\u0161en\u00ed v u\u017eivatelsk\u00e9m rozhran\u00ed, kter\u00e1 zp\u0159\u00edjemn\u00ed v\u00e1\u0161 ka\u017edodenn\u00ed u\u017eivatelsk\u00fd z\u00e1\u017eitek. Na\u0161e bezpe\u010dnostn\u00ed aktualizace v\u00e1m poskytuj\u00ed v\u011bt\u0161\u00ed ochranu. Sledujte na\u0161e release notes, abyste v\u017edy byli mezi prvn\u00edmi, kdo vyu\u017e\u00edvaj\u00ed nejnov\u011bj\u0161\u00ed technologie a zlep\u0161en\u00ed. Sta\u0148te se sou\u010d\u00e1st\u00ed komunity, kter\u00e1 m\u00e1 p\u0159\u00edstup k nejmodern\u011bj\u0161\u00edmu \u0159e\u0161en\u00ed na trhu.<\/p>\n<h2>\n\t\tSEZNAMTE SE S AUTORY\n\t<\/h2>\n<h2>\n\t\tKdo pro v\u00e1s p\u00ed\u0161e \u010dl\u00e1nky?\n\t<\/h2>\n\t\t\t\t\t\t\t\t<a href=\"\/cz\/blog\/author\/miloslav\/\" target=\"_self\" itemprop=\"url\" rel=\"noopener\">\n\t\t\t\t\t\t\t\t\t<img loading=\"lazy\" decoding=\"async\" src=\"https:\/\/www.crmcarecloud.com\/wp-content\/uploads\/2020\/06\/mejla_kulaty.png\" alt=\"mejla_kulaty\" itemprop=\"image\" height=\"535\" width=\"535\" srcset=\"https:\/\/www.crmcarecloud.com\/wp-content\/uploads\/2020\/06\/mejla_kulaty.png 535w, https:\/\/www.crmcarecloud.com\/wp-content\/uploads\/2020\/06\/mejla_kulaty-300x300.png 300w, https:\/\/www.crmcarecloud.com\/wp-content\/uploads\/2020\/06\/mejla_kulaty-150x150.png 150w\" sizes=\"auto, (max-width: 535px) 100vw, 535px\" title=\"mejla_kulaty\" onerror=\"this.style.display='none'\"  \/>\n\t\t\t\t\t\t\t\t\t\t\t\t\t<\/a>\n\t<p><a href=\"\/cz\/blog\/author\/miloslav\/\"><strong>Miloslav Pexa<\/strong><\/a><\/p>\n<p>Vizion\u00e1\u0159 zam\u011b\u0159en\u00fd na poskytov\u00e1n\u00ed t\u00e9 nejlep\u0161\u00ed u\u017eivatelsk\u00e9 a z\u00e1kaznick\u00e9 zku\u0161enosti.<\/p>\n\t\t\t\t\t\t\t\t<a href=\"\/cz\/blog\/author\/bednarova\/\" target=\"_self\" itemprop=\"url\" rel=\"noopener\">\n\t\t\t\t\t\t\t\t\t<img loading=\"lazy\" decoding=\"async\" src=\"https:\/\/www.crmcarecloud.com\/wp-content\/uploads\/bb-plugin\/cache\/sabca-150x150-circle.jpg\" alt=\"sabca\" itemprop=\"image\" height=\"150\" width=\"150\" title=\"sabca\" onerror=\"this.style.display='none'\"  \/>\n\t\t\t\t\t\t\t\t\t\t\t\t\t<\/a>\n\t<p><a href=\"\/cz\/blog\/author\/bednarova\/\"><strong>Sabina Bedn\u00e1\u0159ov\u00e1<\/strong><\/a><\/p>\n<p>Nadan\u00e1 copywriterka s citem pro zaj\u00edmav\u00fd a poutav\u00fd obsah.<\/p>\n\t\t\t\t\t\t\t\t<a href=\"\/cz\/blog\/author\/vladimir\/\" target=\"_self\" itemprop=\"url\" rel=\"noopener\">\n\t\t\t\t\t\t\t\t\t<img loading=\"lazy\" decoding=\"async\" src=\"https:\/\/www.crmcarecloud.com\/wp-content\/uploads\/2020\/06\/kruh_173px.png\" alt=\"kruh_173px\" itemprop=\"image\" height=\"173\" width=\"173\" srcset=\"https:\/\/www.crmcarecloud.com\/wp-content\/uploads\/2020\/06\/kruh_173px.png 173w, https:\/\/www.crmcarecloud.com\/wp-content\/uploads\/2020\/06\/kruh_173px-150x150.png 150w, https:\/\/www.crmcarecloud.com\/wp-content\/uploads\/2020\/06\/kruh_173px-12x12.png 12w\" sizes=\"auto, (max-width: 173px) 100vw, 173px\" title=\"kruh_173px\" onerror=\"this.style.display='none'\"  \/>\n\t\t\t\t\t\t\t\t\t\t\t\t\t<\/a>\n\t<p><a href=\"\/cz\/blog\/author\/vladimir\/\"><strong>Vladim\u00edr St\u0159\u00edtesk\u00fd<\/strong><\/a><\/p>\n<p>Business odborn\u00edk s tahem na branku. Jeho denn\u00edm chlebem je automatizace, CDP a management dat pro retail a e-commerce.<\/p>\n\t\t\t\t\t\t\t\t<a href=\"\/cz\/blog\/author\/dolecek\/\" target=\"_self\" itemprop=\"url\" rel=\"noopener\">\n\t\t\t\t\t\t\t\t\t<img loading=\"lazy\" decoding=\"async\" src=\"https:\/\/www.crmcarecloud.com\/wp-content\/uploads\/bb-plugin\/cache\/honza-150x150-circle.jpg\" alt=\"honza\" itemprop=\"image\" height=\"150\" width=\"150\" title=\"honza\" onerror=\"this.style.display='none'\"  \/>\n\t\t\t\t\t\t\t\t\t\t\t\t\t<\/a>\n\t<p><a href=\"\/cz\/blog\/author\/dolecek\/\"><strong>Jan Dole\u010dek<\/strong><\/a><\/p>\n<p>Market\u00e9r se slabost\u00ed pro archaick\u00fd jazyk, v\u011brnostn\u00ed programy a CDP.<\/p>\n\t\t\t\t\t\t\t\t<a href=\"\/cz\/blog\/author\/jirka\/\" target=\"_self\" itemprop=\"url\" rel=\"noopener\">\n\t\t\t\t\t\t\t\t\t<img loading=\"lazy\" decoding=\"async\" src=\"https:\/\/www.crmcarecloud.com\/wp-content\/uploads\/2020\/06\/jirka_kulaty.png\" alt=\"jirka_kulaty\" itemprop=\"image\" height=\"530\" width=\"530\" srcset=\"https:\/\/www.crmcarecloud.com\/wp-content\/uploads\/2020\/06\/jirka_kulaty.png 530w, https:\/\/www.crmcarecloud.com\/wp-content\/uploads\/2020\/06\/jirka_kulaty-300x300.png 300w, https:\/\/www.crmcarecloud.com\/wp-content\/uploads\/2020\/06\/jirka_kulaty-150x150.png 150w\" sizes=\"auto, (max-width: 530px) 100vw, 530px\" title=\"jirka_kulaty\" onerror=\"this.style.display='none'\"  \/>\n\t\t\t\t\t\t\t\t\t\t\t\t\t<\/a>\n\t<a href=\"\/cz\/blog\/author\/jirka\/\"><strong>Ji\u0159\u00ed \u0160ulc<\/strong><\/a><strong><br \/>\n<\/strong>\n<p>M\u00e1 pod palcem v\u0161echny nov\u00e9 vlastnosti a funkcionality, co v\u00e1s \u010dekaj\u00ed.<\/p>\n\t\t\t\t\t\t\t\t<a href=\"\/cz\/blog\/author\/horejs\/\" target=\"_self\" itemprop=\"url\" rel=\"noopener\">\n\t\t\t\t\t\t\t\t\t<img loading=\"lazy\" decoding=\"async\" src=\"https:\/\/www.crmcarecloud.com\/wp-content\/uploads\/bb-plugin\/cache\/fotor_2023-3-16_10_22_22-225x300-circle.jpg\" alt=\"fotor_2023-3-16_10_22_22\" itemprop=\"image\" height=\"300\" width=\"225\" title=\"fotor_2023-3-16_10_22_22\" onerror=\"this.style.display='none'\"  \/>\n\t\t\t\t\t\t\t\t\t\t\t\t\t<\/a>\n\t<p><a href=\"\/cz\/blog\/author\/horejs\/\"><strong>B\u00e1ra Ho\u0159ej\u0161<\/strong><\/a><\/p>\n<p>Piln\u00e1 digit\u00e1ln\u00ed market\u00e9rka a univerzitn\u00ed studentka ovlivn\u011bn\u00e1 mezin\u00e1rodn\u00edm prost\u0159ed\u00edm s v\u00e1\u0161n\u00ed pro psan\u00ed a budov\u00e1n\u00ed brandu. Neust\u00e1le objevuje nov\u00e9 technologie a marketingov\u00e1 \u0159e\u0161en\u00ed.<\/p>\n\t\t\t\t\t\t\t\t<a href=\"\/cz\/blog\/author\/ondrej\/\" target=\"_self\" itemprop=\"url\" rel=\"noopener\">\n\t\t\t\t\t\t\t\t\t<img loading=\"lazy\" decoding=\"async\" src=\"https:\/\/www.crmcarecloud.com\/wp-content\/uploads\/2020\/06\/ondra_dobre.png\" alt=\"ondra_dobre\" itemprop=\"image\" height=\"81\" width=\"81\" title=\"ondra_dobre\" onerror=\"this.style.display='none'\"  \/>\n\t\t\t\t\t\t\t\t\t\t\t\t\t<\/a>\n\t<a href=\"\/cz\/blog\/author\/ondrej\/\"><strong>Ond\u0159ej Pexa<\/strong><\/a><strong><br \/>\n<\/strong>\n<p>Expert na c\u00edlenou komunikaci, emailing a GDPR. Denn\u011b hled\u00e1 nov\u00e9 zp\u016fsoby, jak zv\u00fd\u0161it m\u00edru odezvy.<\/p>","protected":false},"excerpt":{"rendered":"<p>New features overview We provide you with a detailed overview of the newest features designed to boost your productivity, and bug fixes that improve the stability and reliability of our product. Discover performance optimizations that ensure faster and more efficient operation, and explore user interface improvements that enhance your daily experience. Our security updates offer&hellip;<\/p>","protected":false},"author":8,"featured_media":0,"parent":8855,"menu_order":0,"comment_status":"closed","ping_status":"closed","template":"","meta":{"footnotes":"","_wp_rev_ctl_limit":""},"class_list":["post-7776","page","type-page","status-publish","hentry"],"_links":{"self":[{"href":"https:\/\/www.crmcarecloud.com\/cz\/wp-json\/wp\/v2\/pages\/7776","targetHints":{"allow":["GET"]}}],"collection":[{"href":"https:\/\/www.crmcarecloud.com\/cz\/wp-json\/wp\/v2\/pages"}],"about":[{"href":"https:\/\/www.crmcarecloud.com\/cz\/wp-json\/wp\/v2\/types\/page"}],"author":[{"embeddable":true,"href":"https:\/\/www.crmcarecloud.com\/cz\/wp-json\/wp\/v2\/users\/8"}],"replies":[{"embeddable":true,"href":"https:\/\/www.crmcarecloud.com\/cz\/wp-json\/wp\/v2\/comments?post=7776"}],"version-history":[{"count":5,"href":"https:\/\/www.crmcarecloud.com\/cz\/wp-json\/wp\/v2\/pages\/7776\/revisions"}],"predecessor-version":[{"id":9029,"href":"https:\/\/www.crmcarecloud.com\/cz\/wp-json\/wp\/v2\/pages\/7776\/revisions\/9029"}],"up":[{"embeddable":true,"href":"https:\/\/www.crmcarecloud.com\/cz\/wp-json\/wp\/v2\/pages\/8855"}],"wp:attachment":[{"href":"https:\/\/www.crmcarecloud.com\/cz\/wp-json\/wp\/v2\/media?parent=7776"}],"curies":[{"name":"wp","href":"https:\/\/api.w.org\/{rel}","templated":true}]}}