{"id":6559,"date":"2023-06-23T12:55:07","date_gmt":"2023-06-23T10:55:07","guid":{"rendered":"https:\/\/www.crmcarecloud.com\/?page_id=6559"},"modified":"2025-11-07T21:15:56","modified_gmt":"2025-11-07T20:15:56","slug":"tipy-a-triky-prehled","status":"publish","type":"page","link":"https:\/\/www.crmcarecloud.com\/cz\/blog\/tipy-a-triky-prehled\/","title":{"rendered":"Tips Overview"},"content":{"rendered":"<h2  data-animation-delay=\"0\" data-animation-duration=\"1\">\n\t\t\tTipy a triky pro chyt\u0159ej\u0161\u00ed spr\u00e1vu vztah\u016f se z\u00e1kazn\u00edky\t<\/h2>\n\t<p>Building strong customer relationships starts with the details. Knowing what your customers want and when they want it is the key to success &#8211; and in this section, you&#8217;ll find practical tips and tricks to help you achieve that. We&#8217;ll show you how to build long-term trust and satisfaction through simple steps.<\/p>\n<h2  data-animation-delay=\"0\" data-animation-duration=\"1\">\n\t\t\tSEZNAMTE SE S AUTORY\t<\/h2>\n<h2  data-animation-delay=\"0\" data-animation-duration=\"1\">\n\t\t\tKdo pro v\u00e1s p\u00ed\u0161e \u010dl\u00e1nky?\t<\/h2>\n\t\t\t\t\t\t\t\t<a href=\"\/cz\/blog\/author\/miloslav\/\" target=\"_self\" itemprop=\"url\">\n\t\t\t\t\t\t\t\t\t<img loading=\"lazy\" decoding=\"async\" src=\"https:\/\/www.crmcarecloud.com\/wp-content\/uploads\/2020\/06\/mejla_kulaty.png\" alt=\"mejla_kulaty\" itemprop=\"image\" height=\"535\" width=\"535\" srcset=\"https:\/\/www.crmcarecloud.com\/wp-content\/uploads\/2020\/06\/mejla_kulaty.png 535w, https:\/\/www.crmcarecloud.com\/wp-content\/uploads\/2020\/06\/mejla_kulaty-300x300.png 300w, https:\/\/www.crmcarecloud.com\/wp-content\/uploads\/2020\/06\/mejla_kulaty-150x150.png 150w\" sizes=\"auto, (max-width: 535px) 100vw, 535px\" title=\"mejla_kulaty\" onerror=\"this.style.display='none'\"  \/>\n\t\t\t\t\t\t\t\t\t\t\t\t\t<\/a>\n\t<p><a href=\"\/cz\/blog\/author\/miloslav\/\"><strong>Miloslav Pexa<\/strong><\/a><\/p>\n<p>Vizion\u00e1\u0159 zam\u011b\u0159en\u00fd na poskytov\u00e1n\u00ed t\u00e9 nejlep\u0161\u00ed u\u017eivatelsk\u00e9 a z\u00e1kaznick\u00e9 zku\u0161enosti.<\/p>\n\t\t\t\t\t\t\t\t<a href=\"\/cz\/blog\/author\/bednarova\/\" target=\"_self\" itemprop=\"url\">\n\t\t\t\t\t\t\t\t\t<img loading=\"lazy\" decoding=\"async\" src=\"https:\/\/www.crmcarecloud.com\/wp-content\/uploads\/bb-plugin\/cache\/sabca-150x150-circle.jpg\" alt=\"sabca\" itemprop=\"image\" height=\"150\" width=\"150\" title=\"sabca\" onerror=\"this.style.display='none'\"  \/>\n\t\t\t\t\t\t\t\t\t\t\t\t\t<\/a>\n\t<p><a href=\"\/cz\/blog\/author\/bednarova\/\"><strong>Sabina Bedn\u00e1\u0159ov\u00e1<\/strong><\/a><\/p>\n<p>Nadan\u00e1 copywriterka s citem pro zaj\u00edmav\u00fd a poutav\u00fd obsah.<\/p>\n\t\t\t\t\t\t\t\t<a href=\"\/cz\/blog\/author\/vladimir\/\" target=\"_self\" itemprop=\"url\">\n\t\t\t\t\t\t\t\t\t<img loading=\"lazy\" decoding=\"async\" src=\"https:\/\/www.crmcarecloud.com\/wp-content\/uploads\/2020\/06\/kruh_173px.png\" alt=\"kruh_173px\" itemprop=\"image\" height=\"173\" width=\"173\" srcset=\"https:\/\/www.crmcarecloud.com\/wp-content\/uploads\/2020\/06\/kruh_173px.png 173w, https:\/\/www.crmcarecloud.com\/wp-content\/uploads\/2020\/06\/kruh_173px-150x150.png 150w, https:\/\/www.crmcarecloud.com\/wp-content\/uploads\/2020\/06\/kruh_173px-12x12.png 12w\" sizes=\"auto, (max-width: 173px) 100vw, 173px\" title=\"kruh_173px\" onerror=\"this.style.display='none'\"  \/>\n\t\t\t\t\t\t\t\t\t\t\t\t\t<\/a>\n\t<p><a href=\"\/cz\/blog\/author\/vladimir\/\"><strong>Vladim\u00edr St\u0159\u00edtesk\u00fd<\/strong><\/a><\/p>\n<p>P\u0159edn\u00ed expert na v\u011brnostn\u00ed programy, automatizaci a reten\u010dn\u00ed marketing v retailu, gastronomii a e-commerce.<\/p>\n\t\t\t\t\t\t\t\t<a href=\"\/cz\/blog\/author\/dolecek\/\" target=\"_self\" itemprop=\"url\">\n\t\t\t\t\t\t\t\t\t<img loading=\"lazy\" decoding=\"async\" src=\"https:\/\/www.crmcarecloud.com\/wp-content\/uploads\/bb-plugin\/cache\/honza-150x150-circle.jpg\" alt=\"honza\" itemprop=\"image\" height=\"150\" width=\"150\" title=\"honza\" onerror=\"this.style.display='none'\"  \/>\n\t\t\t\t\t\t\t\t\t\t\t\t\t<\/a>\n\t<p><a href=\"\/cz\/blog\/author\/dolecek\/\"><strong>Jan Dole\u010dek<\/strong><\/a><\/p>\n<p>Market\u00e9r se slabost\u00ed pro archaick\u00fd jazyk, v\u011brnostn\u00ed programy a CDP.<\/p>\n\t\t\t\t\t\t\t\t<a href=\"\/cz\/blog\/author\/jirka\/\" target=\"_self\" itemprop=\"url\">\n\t\t\t\t\t\t\t\t\t<img loading=\"lazy\" decoding=\"async\" src=\"https:\/\/www.crmcarecloud.com\/wp-content\/uploads\/2020\/06\/jirka_kulaty.png\" alt=\"jirka_kulaty\" itemprop=\"image\" height=\"530\" width=\"530\" srcset=\"https:\/\/www.crmcarecloud.com\/wp-content\/uploads\/2020\/06\/jirka_kulaty.png 530w, https:\/\/www.crmcarecloud.com\/wp-content\/uploads\/2020\/06\/jirka_kulaty-300x300.png 300w, https:\/\/www.crmcarecloud.com\/wp-content\/uploads\/2020\/06\/jirka_kulaty-150x150.png 150w\" sizes=\"auto, (max-width: 530px) 100vw, 530px\" title=\"jirka_kulaty\" onerror=\"this.style.display='none'\"  \/>\n\t\t\t\t\t\t\t\t\t\t\t\t\t<\/a>\n\t<a href=\"\/cz\/blog\/author\/jirka\/\"><strong>Ji\u0159\u00ed \u0160ulc<\/strong><\/a><strong><br \/>\n<\/strong>\n<p>M\u00e1 pod palcem v\u0161echny nov\u00e9 vlastnosti a funkcionality, co v\u00e1s \u010dekaj\u00ed.<\/p>\n\t\t\t\t\t\t\t\t<a href=\"\/cz\/blog\/author\/ondrej\/\" target=\"_self\" itemprop=\"url\">\n\t\t\t\t\t\t\t\t\t<img loading=\"lazy\" decoding=\"async\" src=\"https:\/\/www.crmcarecloud.com\/wp-content\/uploads\/2020\/06\/ondra_dobre.png\" alt=\"ondra_dobre\" itemprop=\"image\" height=\"81\" width=\"81\" title=\"ondra_dobre\" onerror=\"this.style.display='none'\"  \/>\n\t\t\t\t\t\t\t\t\t\t\t\t\t<\/a>\n\t<a href=\"\/cz\/blog\/author\/ondrej\/\"><strong>Ond\u0159ej Pexa<\/strong><\/a><strong><br \/>\n<\/strong>\n<p>Expert na c\u00edlenou komunikaci, emailing a GDPR. Denn\u011b hled\u00e1 nov\u00e9 zp\u016fsoby, jak zv\u00fd\u0161it m\u00edru odezvy.<\/p>","protected":false},"excerpt":{"rendered":"<p>Tips and tricks for smarter customer relationship management Building strong customer relationships starts with the details. Knowing what your customers want and when they want it is the key to success &#8211; and in this section, you&#8217;ll find practical tips and tricks to help you achieve that. We&#8217;ll show you how to build long-term trust&hellip;<\/p>","protected":false},"author":8,"featured_media":0,"parent":8855,"menu_order":0,"comment_status":"closed","ping_status":"closed","template":"","meta":{"footnotes":"","_wp_rev_ctl_limit":""},"class_list":["post-6559","page","type-page","status-publish","hentry"],"_links":{"self":[{"href":"https:\/\/www.crmcarecloud.com\/cz\/wp-json\/wp\/v2\/pages\/6559","targetHints":{"allow":["GET"]}}],"collection":[{"href":"https:\/\/www.crmcarecloud.com\/cz\/wp-json\/wp\/v2\/pages"}],"about":[{"href":"https:\/\/www.crmcarecloud.com\/cz\/wp-json\/wp\/v2\/types\/page"}],"author":[{"embeddable":true,"href":"https:\/\/www.crmcarecloud.com\/cz\/wp-json\/wp\/v2\/users\/8"}],"replies":[{"embeddable":true,"href":"https:\/\/www.crmcarecloud.com\/cz\/wp-json\/wp\/v2\/comments?post=6559"}],"version-history":[{"count":5,"href":"https:\/\/www.crmcarecloud.com\/cz\/wp-json\/wp\/v2\/pages\/6559\/revisions"}],"predecessor-version":[{"id":9885,"href":"https:\/\/www.crmcarecloud.com\/cz\/wp-json\/wp\/v2\/pages\/6559\/revisions\/9885"}],"up":[{"embeddable":true,"href":"https:\/\/www.crmcarecloud.com\/cz\/wp-json\/wp\/v2\/pages\/8855"}],"wp:attachment":[{"href":"https:\/\/www.crmcarecloud.com\/cz\/wp-json\/wp\/v2\/media?parent=6559"}],"curies":[{"name":"wp","href":"https:\/\/api.w.org\/{rel}","templated":true}]}}