{"id":6452,"date":"2023-05-03T10:41:27","date_gmt":"2023-05-03T08:41:27","guid":{"rendered":"https:\/\/www.crmcarecloud.com\/?page_id=6452"},"modified":"2023-05-12T08:42:46","modified_gmt":"2023-05-12T06:42:46","slug":"cdp-customer-data-management-segmentation-3","status":"publish","type":"page","link":"https:\/\/www.crmcarecloud.com\/cz\/cdp-customer-data-management-segmentation-3\/","title":{"rendered":"CDP for customer data management and segmentation"},"content":{"rendered":"<h1>\n\t\tCDP for Customer Data Management\n\t<\/h1>\n\t<h4>Elevate your marketing with our CDP solution for personalized, cookieless advertising to optimize the customer journey and audience segmentation<\/h4>\n\t\t\t\t\t\t\t\t\t\t<img decoding=\"async\" src=\"https:\/\/www.crmcarecloud.com\/wp-content\/uploads\/2020\/04\/mockup.png\" alt=\"maketa\" itemprop=\"image\"  \/>\n\t\t\t\t\t\t\t\t\t\t<img decoding=\"async\" src=\"https:\/\/www.crmcarecloud.com\/wp-content\/uploads\/2022\/11\/73.png\" alt=\"73\" itemprop=\"image\"  \/>\n<h2>\n\t\tDrive ROI with CDP Solution\n\t<\/h2>\n\t<p>Are you struggling to make sense of the customer data you collect during every interaction?<\/p>\n<p>Say goodbye to disjointed customer profiles and hello to a unified omnichannel solution.<\/p>\n<p>Our CDP &amp; CRM integration creates a seamless experience, allowing you to access all the data you need for effective, data-driven marketing.<\/p>\n<p>With our innovative platform, you can monetize the customer data you collect during every interaction, enhancing the customer journey, providing personalized experiences, and ultimately driving ROI through the roof.<\/p>\n\t<a href=\"#contact-us\" target=\"_self\" role=\"button\" aria-label=\"ZA\u010cN\u011aTE JE\u0160T\u011a DNES\" rel=\"noopener\">\n\t\t\t\tZA\u010cN\u011aTE JE\u0160T\u011a DNES\n\t\t\t<\/a>\n<h2>\n\t\tGet Ahead with Cookieless Data\n\t<\/h2>\n\t<p>Are you concerned about the impending cookieless future of online advertising?<\/p>\n<p>Look no further than CareCloud&#8217;s CDP solution. Our platform allows you to build first-party data marketing strategies that target the right customers with ease.<\/p>\n<p>Get rid of third-party data and cookies, and enhance first-party, high-converting remarketing campaigns and lookalike audiences. With our CDP &amp; CRM solution, you can unlock the power of cookieless data and stay ahead of the game.<\/p>\n<p>Don&#8217;t let the cookieless future hold you back. Embrace the power of CareCloud&#8217;s CDP solution and take your marketing strategy to the next level.<\/p>\n<p>&nbsp;<\/p>\n<p>&nbsp;<\/p>\n<p><a href=\"#contact-us\"><u>Start with CDP today!<\/u><\/a><\/p>\n\t\t\t\t\t\t\t\t\t\t<img decoding=\"async\" src=\"https:\/\/www.crmcarecloud.com\/wp-content\/uploads\/2020\/07\/entertainment_widgets.png\" alt=\"entertainment_widgets\" itemprop=\"image\"  \/>\n\t\t\t\t\t\t\t\t\t\t<img decoding=\"async\" src=\"https:\/\/www.crmcarecloud.com\/wp-content\/uploads\/2020\/06\/Webmail_device_cut.png\" alt=\"Webmail_device_cut\" itemprop=\"image\"  \/>\n<h2>\n\t\tAutomate Audience Segmentation\n\t<\/h2>\n\t<p>Are you tired of manually creating customer segments for your remarketing and lookalike campaigns?<\/p>\n<p>CareCloud&#8217;s CDP solution automates the process, making it easy to create personalized segments that build strong customer relationships.<\/p>\n<p>By harnessing the power of omnichannel data, you can improve your marketing strategy. Our CDP solution allows you to deliver automated yet personalized marketing that speaks directly to the unique needs and preferences of each customer.<\/p>\n<p>Don&#8217;t waste any more time manually segmenting your audience. Let CareCloud&#8217;s CDP solution do the heavy lifting for you.<\/p>\n\t<a href=\"#contact-us\" target=\"_self\" role=\"button\" aria-label=\"ZA\u010cN\u011aTE JE\u0160T\u011a DNES\" rel=\"noopener\">\n\t\t\t\tZA\u010cN\u011aTE JE\u0160T\u011a DNES\n\t\t\t<\/a>\n\t\t\t\t<img loading=\"lazy\" decoding=\"async\" src=\"https:\/\/www.crmcarecloud.com\/wp-content\/uploads\/2020\/05\/kreslo.png\" alt=\"kreslo\" itemprop=\"image\" height=\"1116\" width=\"1083\" title=\"kreslo\" onerror=\"this.style.display='none'\"  \/>\n<h4>\n\t\tP\u0158IPOJTE SE DO CLOUDU\n\t<\/h4>\n<h2>\n\t\tChcete v\u011bd\u011bt v\u00edce o funkcionalit\u00e1ch platformy CDP &amp; CRM CareCloud?\n\t<\/h2>\n<form action=\"\">\n\t<input type=\"hidden\" name=\"fl-layout-id\" value=\"6452\" \/>\n    \n\t\n\tFill in your contact details to get answers to the questions you have about CareCloud &#8211; from product description and pricing to casual talk about your customers and your business. \nOne of our experts will contact you soon.\n\t\n    \t\t<label for=\"pp-name-\">Jm\u00e9no<\/label>\n    \t\tPlease enter your name.\n    \t\t<input type=\"text\" name=\"pp-name\" id=\"pp-name-\" value=\"\" placeholder=\"Jm\u00e9no\"  \/>\n    \t\t<label for=\"pp-email-\">E-mailov\u00e1 adresa<\/label>\n    \t\tPlease enter a valid email address.\n    \t\t<input type=\"email\" name=\"pp-email\" id=\"pp-email-\" value=\"\" placeholder=\"E-mailov\u00e1 adresa\"  \/>\n    \t\t<label for=\"pp-phone-\">Telefonn\u00ed \u010d\u00edslo<\/label>\n    \t\tPlease enter a valid phone number.\n    \t\t<input type=\"tel\" name=\"pp-phone\" id=\"pp-phone-\" value=\"\" placeholder=\"Telefonn\u00ed \u010d\u00edslo\"  \/>\n    \t\t<label for=\"pp-message-\">Dotaz \u010di zpr\u00e1va<\/label>\n    \t\tPlease type your message.\n    \t\t<textarea name=\"pp-message\" id=\"pp-message-\" placeholder=\"Dotaz \u010di zpr\u00e1va\"><\/textarea>\n\t\t\t<p>Please check the captcha to verify you are not a robot.<\/p>\n\t\t<input type=\"checkbox\" name=\"pp-checkbox\" id=\"pp-checkbox_\" value=\"1\" \/>\n\t\t<label for=\"pp-checkbox_\">&#038;nbsp &#038;nbspI agree with the processing of my personal data under the <a href=\"https:\/\/www.crmcarecloud.com\/cz\/privacy-policy-cookie-use\/\">Ochrana soukrom\u00ed<\/a>.<\/label>\n\t\tPlease check this field.\n    \t<a href=\"#\" target=\"_self\" role=\"button\" rel=\"noopener\">\n    \t\t    \t\t    \t\tODESLAT\n    \t\t    \t<\/a>\n\t\t\tWe could not save your data. Please try again.\n<input type=\"hidden\" name=\"trp-form-language\" value=\"cz\"\/><\/form>\n  <p>D\u011bkujeme, brzy se s V\u00e1mi spoj\u00edme!<\/p>\n\t<p>* Upozorn\u011bn\u00ed: Uveden\u00e9 procentu\u00e1ln\u00ed hodnoty, v\u00fdsledky a v\u00fdkonnost p\u0159edstavuj\u00ed o\u010dek\u00e1van\u00e9 v\u00fdsledky pr\u00e1ce aktivn\u00edho a dostate\u010dn\u011b kapacitn\u00edho t\u00fdmu s odpov\u00eddaj\u00edc\u00edm \u0161kolen\u00edm a zku\u0161enostmi po 18 m\u011bs\u00edc\u00edch intenzivn\u00edho vyu\u017e\u00edv\u00e1n\u00ed v\u0161ech aplikac\u00ed CDP &amp; CRM CareCloud.<\/p>","protected":false},"excerpt":{"rendered":"<p>CDP for Customer Data Management Elevate your marketing with our CDP solution for personalized, cookieless advertising to optimize the customer journey and audience segmentation Drive ROI with CDP Solution Are you struggling to make sense of the customer data you collect during every interaction? Say goodbye to disjointed customer profiles and hello to a unified&hellip;<\/p>","protected":false},"author":2,"featured_media":0,"parent":0,"menu_order":0,"comment_status":"closed","ping_status":"closed","template":"","meta":{"footnotes":"","_wp_rev_ctl_limit":""},"class_list":["post-6452","page","type-page","status-publish","hentry"],"_links":{"self":[{"href":"https:\/\/www.crmcarecloud.com\/cz\/wp-json\/wp\/v2\/pages\/6452","targetHints":{"allow":["GET"]}}],"collection":[{"href":"https:\/\/www.crmcarecloud.com\/cz\/wp-json\/wp\/v2\/pages"}],"about":[{"href":"https:\/\/www.crmcarecloud.com\/cz\/wp-json\/wp\/v2\/types\/page"}],"author":[{"embeddable":true,"href":"https:\/\/www.crmcarecloud.com\/cz\/wp-json\/wp\/v2\/users\/2"}],"replies":[{"embeddable":true,"href":"https:\/\/www.crmcarecloud.com\/cz\/wp-json\/wp\/v2\/comments?post=6452"}],"version-history":[{"count":4,"href":"https:\/\/www.crmcarecloud.com\/cz\/wp-json\/wp\/v2\/pages\/6452\/revisions"}],"predecessor-version":[{"id":6467,"href":"https:\/\/www.crmcarecloud.com\/cz\/wp-json\/wp\/v2\/pages\/6452\/revisions\/6467"}],"wp:attachment":[{"href":"https:\/\/www.crmcarecloud.com\/cz\/wp-json\/wp\/v2\/media?parent=6452"}],"curies":[{"name":"wp","href":"https:\/\/api.w.org\/{rel}","templated":true}]}}