{"id":6448,"date":"2023-05-03T10:34:53","date_gmt":"2023-05-03T08:34:53","guid":{"rendered":"https:\/\/www.crmcarecloud.com\/?page_id=6448"},"modified":"2023-05-12T12:27:15","modified_gmt":"2023-05-12T10:27:15","slug":"omnichannel-marketing-automation-emails-sms-push-3","status":"publish","type":"page","link":"https:\/\/www.crmcarecloud.com\/cz\/omnichannel-marketing-automation-emails-sms-push-3\/","title":{"rendered":"Omnichannel marketing automation for emails, SMS, and PUSH"},"content":{"rendered":"<h1>\n\t\tAutomate Customer Journeys\n\t<\/h1>\n\t<h4>Personalised automation increases customer retention and decreases customer churn. Start with smart marketing today!<\/h4>\n\t\t\t\t\t\t\t\t\t\t<img decoding=\"async\" src=\"https:\/\/www.crmcarecloud.com\/wp-content\/uploads\/2020\/04\/mockup.png\" alt=\"maketa\" itemprop=\"image\"  \/>\n\t\t\t\t\t\t\t\t\t\t<img decoding=\"async\" src=\"https:\/\/www.crmcarecloud.com\/wp-content\/uploads\/2020\/07\/Device_cut.png\" alt=\"Device_cut\" itemprop=\"image\"  \/>\n<h2>\n\t\tMarketing Automation Platform\n\t<\/h2>\n\t<p>Unleash the Power of Our Marketing Automation Platform<\/p>\n<p>Are you struggling to manage and track your marketing campaigns across various channels?<\/p>\n<p>Trigger your email marketing, automate Push notifications, or get higher engagement with SMS.<\/p>\n<p>Use CareCloud to automate omnichannel marketing with ease.<\/p>\n<p>Set up marketing workflows to target customers with precision and personalized messages that perfectly fit their current customer journey phase. Fill out the form and supercharge your business with one of our experts.<\/p>\n\t<a href=\"#contact-us\" target=\"_self\" role=\"button\" aria-label=\"ZA\u010cN\u011aTE JE\u0160T\u011a DNES\" rel=\"noopener\">\n\t\t\t\tZA\u010cN\u011aTE JE\u0160T\u011a DNES\n\t\t\t<\/a>\n<h2>\n\t\tGet Out-Of-the-Box Workflows\n\t<\/h2>\n\t<p>Are you wasting time creating complex marketing workflows from scratch?<\/p>\n<p>CareCloud gives you pre-made workflows for the most crucial use cases of your customer journey. <\/p>\n<p>Automate drip marketing, resolve abandoned carts, and segment customers immediately. <\/p>\n<p>Choose from 29 out-of-the-box workflows focused on onboarding, purchase follow-up, retention, and your customer&#8217;s loyalty situations. <a href=\"#contact-us\"><u>Start with Automation today!<\/u><\/a><\/p>\n\t\t\t\t\t\t\t\t\t\t<img decoding=\"async\" src=\"https:\/\/www.crmcarecloud.com\/wp-content\/uploads\/2020\/07\/Main-feautres_sbusiness.png\" alt=\"Main feautres_sbusiness\" itemprop=\"image\"  \/>\n\t\t\t\t\t\t\t\t\t\t<img decoding=\"async\" src=\"https:\/\/www.crmcarecloud.com\/wp-content\/uploads\/2020\/07\/Small_business.png\" alt=\"Small_business\" itemprop=\"image\"  \/>\n<h2>\n\t\tLet the Data Work for You\n\t<\/h2>\n\t<p>Encourage Data-Driven Marketing<\/p>\n<p>Are you missing out on potential customers due to irrelevant marketing messages?<\/p>\n<p>Get more conversions by implementing customer journey automation and build stronger relationships with customers thanks to communication that is always relevant.<\/p>\n<p>Use the power of data to create automated customer lists for your marketing campaigns and target customers with laser precision.<\/p>\n\t<a href=\"#contact-us\" target=\"_self\" role=\"button\" aria-label=\"ZA\u010cN\u011aTE JE\u0160T\u011a DNES\" rel=\"noopener\">\n\t\t\t\tZA\u010cN\u011aTE JE\u0160T\u011a DNES\n\t\t\t<\/a>\n\t\t\t\t<img loading=\"lazy\" decoding=\"async\" src=\"https:\/\/www.crmcarecloud.com\/wp-content\/uploads\/2020\/05\/kreslo.png\" alt=\"kreslo\" itemprop=\"image\" height=\"1116\" width=\"1083\" title=\"kreslo\" onerror=\"this.style.display='none'\"  \/>\n<h4>\n\t\tP\u0158IPOJTE SE DO CLOUDU\n\t<\/h4>\n<h2>\n\t\tChcete v\u011bd\u011bt v\u00edce o funkcionalit\u00e1ch platformy CDP &amp; CRM CareCloud?\n\t<\/h2>\n<form action=\"\">\n\t<input type=\"hidden\" name=\"fl-layout-id\" value=\"6448\" \/>\n    \n\t\n\tFill in your contact details to get answers to the questions you have about CareCloud &#8211; from product description and pricing to casual talk about your customers and your business. \nOne of our experts will contact you soon.\n\t\n    \t\t<label for=\"pp-name-\">Jm\u00e9no<\/label>\n    \t\tPlease enter your name.\n    \t\t<input type=\"text\" name=\"pp-name\" id=\"pp-name-\" value=\"\" placeholder=\"Jm\u00e9no\"  \/>\n    \t\t<label for=\"pp-email-\">E-mailov\u00e1 adresa<\/label>\n    \t\tPlease enter a valid email address.\n    \t\t<input type=\"email\" name=\"pp-email\" id=\"pp-email-\" value=\"\" placeholder=\"E-mailov\u00e1 adresa\"  \/>\n    \t\t<label for=\"pp-phone-\">Telefonn\u00ed \u010d\u00edslo<\/label>\n    \t\tPlease enter a valid phone number.\n    \t\t<input type=\"tel\" name=\"pp-phone\" id=\"pp-phone-\" value=\"\" placeholder=\"Telefonn\u00ed \u010d\u00edslo\"  \/>\n    \t\t<label for=\"pp-message-\">Dotaz \u010di zpr\u00e1va<\/label>\n    \t\tPlease type your message.\n    \t\t<textarea name=\"pp-message\" id=\"pp-message-\" placeholder=\"Dotaz \u010di zpr\u00e1va\"><\/textarea>\n\t\t\t<p>Please check the captcha to verify you are not a robot.<\/p>\n\t\t<input type=\"checkbox\" name=\"pp-checkbox\" id=\"pp-checkbox_\" value=\"1\" \/>\n\t\t<label for=\"pp-checkbox_\">&#038;nbsp &#038;nbspI agree with the processing of my personal data under the <a href=\"https:\/\/www.crmcarecloud.com\/cz\/privacy-policy-cookie-use\/\">Ochrana soukrom\u00ed<\/a>.<\/label>\n\t\tPlease check this field.\n    \t<a href=\"#\" target=\"_self\" role=\"button\" rel=\"noopener\">\n    \t\t    \t\t    \t\tODESLAT\n    \t\t    \t<\/a>\n\t\t\tWe could not save your data. Please try again.\n<input type=\"hidden\" name=\"trp-form-language\" value=\"cz\"\/><\/form>\n  <p>D\u011bkujeme, brzy se s V\u00e1mi spoj\u00edme!<\/p>\n\t<p>* Upozorn\u011bn\u00ed: Uveden\u00e9 procentu\u00e1ln\u00ed hodnoty, v\u00fdsledky a v\u00fdkonnost p\u0159edstavuj\u00ed o\u010dek\u00e1van\u00e9 v\u00fdsledky pr\u00e1ce aktivn\u00edho a dostate\u010dn\u011b kapacitn\u00edho t\u00fdmu s odpov\u00eddaj\u00edc\u00edm \u0161kolen\u00edm a zku\u0161enostmi po 18 m\u011bs\u00edc\u00edch intenzivn\u00edho vyu\u017e\u00edv\u00e1n\u00ed v\u0161ech aplikac\u00ed CDP &amp; CRM CareCloud.<\/p>","protected":false},"excerpt":{"rendered":"<p>Automate Customer Journeys Personalised automation increases customer retention and decreases customer churn. Start with smart marketing today! Marketing Automation Platform Unleash the Power of Our Marketing Automation Platform Are you struggling to manage and track your marketing campaigns across various channels? Trigger your email marketing, automate Push notifications, or get higher engagement with SMS. Use&hellip;<\/p>","protected":false},"author":2,"featured_media":0,"parent":0,"menu_order":0,"comment_status":"closed","ping_status":"closed","template":"","meta":{"footnotes":"","_wp_rev_ctl_limit":""},"class_list":["post-6448","page","type-page","status-publish","hentry"],"_links":{"self":[{"href":"https:\/\/www.crmcarecloud.com\/cz\/wp-json\/wp\/v2\/pages\/6448","targetHints":{"allow":["GET"]}}],"collection":[{"href":"https:\/\/www.crmcarecloud.com\/cz\/wp-json\/wp\/v2\/pages"}],"about":[{"href":"https:\/\/www.crmcarecloud.com\/cz\/wp-json\/wp\/v2\/types\/page"}],"author":[{"embeddable":true,"href":"https:\/\/www.crmcarecloud.com\/cz\/wp-json\/wp\/v2\/users\/2"}],"replies":[{"embeddable":true,"href":"https:\/\/www.crmcarecloud.com\/cz\/wp-json\/wp\/v2\/comments?post=6448"}],"version-history":[{"count":5,"href":"https:\/\/www.crmcarecloud.com\/cz\/wp-json\/wp\/v2\/pages\/6448\/revisions"}],"predecessor-version":[{"id":6469,"href":"https:\/\/www.crmcarecloud.com\/cz\/wp-json\/wp\/v2\/pages\/6448\/revisions\/6469"}],"wp:attachment":[{"href":"https:\/\/www.crmcarecloud.com\/cz\/wp-json\/wp\/v2\/media?parent=6448"}],"curies":[{"name":"wp","href":"https:\/\/api.w.org\/{rel}","templated":true}]}}