{"id":6292,"date":"2023-03-31T12:07:56","date_gmt":"2023-03-31T10:07:56","guid":{"rendered":"https:\/\/www.crmcarecloud.com\/?page_id=6292"},"modified":"2023-03-31T12:14:16","modified_gmt":"2023-03-31T10:14:16","slug":"loyalty-management-platform-improve-customer-lifetime-value-aov-2","status":"publish","type":"page","link":"https:\/\/www.crmcarecloud.com\/cz\/loyalty-management-platform-improve-customer-lifetime-value-aov-2\/","title":{"rendered":"Loyalty Management Platform for Improving Customer Lifetime Value and AOV"},"content":{"rendered":"<h1>\n\t\tVytvo\u0159te si vlastn\u00ed v\u011brnostn\u00ed program\n\t<\/h1>\n\t<h4>Improve customer retention with a reward program to boost your customer data collection and improve brand reputation<br \/>\n<\/h4>\n\t\t\t\t\t\t\t\t\t\t<img decoding=\"async\" src=\"https:\/\/www.crmcarecloud.com\/wp-content\/uploads\/2020\/04\/mockup.png\" alt=\"maketa\" itemprop=\"image\"  \/>\n\t\t\t\t\t\t\t\t\t\t<img decoding=\"async\" src=\"https:\/\/www.crmcarecloud.com\/wp-content\/uploads\/2020\/06\/Devices_cut-1.png\" alt=\"Devices_cut\" itemprop=\"image\"  \/>\n<h2>\n\t\tZjednodu\u0161te spr\u00e1vu v\u011brnostn\u00edho programu\n\t<\/h2>\n<p>Enjoy an easy reward program setup for all your channels from one place. Manage your customer program in CareCloud Loyalty Engine to revamp your loyalty management and monetize on customer interactions.<\/p>\n<p>&nbsp;<\/p>\n<p>Get your cloud loyalty solution to manage membership levels, point-based schemes, flat discounts, and special promotions in an intuitive user interface.<\/p>\n<p>&nbsp;<\/p>\n<p>Fill out the form and supercharge your business with one of our experts.<\/p>\n\t<a href=\"#contact-us\" target=\"_self\" role=\"button\" aria-label=\"ZA\u010cN\u011aTE JE\u0160T\u011a DNES\" rel=\"noopener\">\n\t\t\t\tZA\u010cN\u011aTE JE\u0160T\u011a DNES\n\t\t\t<\/a>\n<h2>\n\t\tVy\u0161\u0161\u00ed pr\u016fm\u011brn\u00e1 hodnota objedn\u00e1vky d\u00edky Loyalty CDP\n\t<\/h2>\n\t<p>Use customer data from reward program to better target your promotions, automate marketing, and aim for upsell possibilities.<\/p>\n<p>&nbsp;<\/p>\n<p>Utilize loyalty program for mor frequent interaction with customers and enjoy increased shopping frequency together with improved retention.<\/p>\n<p>&nbsp;<\/p>\n<p><a href=\"#contact-us\"><u>Start with Loyalty today!<\/u><\/a><\/p>\n\t\t\t\t\t\t\t\t\t\t<img decoding=\"async\" src=\"https:\/\/www.crmcarecloud.com\/wp-content\/uploads\/2020\/07\/widgets.png\" alt=\"widgets\" itemprop=\"image\"  \/>\n\t\t\t\t\t\t\t\t\t\t<img decoding=\"async\" src=\"https:\/\/www.crmcarecloud.com\/wp-content\/uploads\/2020\/07\/customer-care.png\" alt=\"customer care\" itemprop=\"image\"  \/>\n<h2>\n\t\tZvy\u0161te hodnotu z\u00e1kazn\u00edka v \u010dase (Customer Lifetime Value)\n\t<\/h2>\n\t<p>Monetize the possibilities of customer program to get the most from your customers. Develop tailored loyalty program that suits your customers and gives them reason to shop again.<\/p>\n<p>&nbsp;<\/p>\n<p>Improve your automation, customer segmentation, and marketing campaings with data from Loyalty Engine.<\/p>\n\t<a href=\"#contact-us\" target=\"_self\" role=\"button\" aria-label=\"ZA\u010cN\u011aTE JE\u0160T\u011a DNES\" rel=\"noopener\">\n\t\t\t\tZA\u010cN\u011aTE JE\u0160T\u011a DNES\n\t\t\t<\/a>\n\t\t\t\t<img loading=\"lazy\" decoding=\"async\" src=\"https:\/\/www.crmcarecloud.com\/wp-content\/uploads\/2020\/05\/kreslo.png\" alt=\"kreslo\" itemprop=\"image\" height=\"1116\" width=\"1083\" title=\"kreslo\" onerror=\"this.style.display='none'\"  \/>\n<h4>\n\t\tP\u0158IPOJTE SE DO CLOUDU\n\t<\/h4>\n<h2>\n\t\tChcete v\u011bd\u011bt v\u00edce o funkcionalit\u00e1ch platformy CDP &amp; CRM CareCloud?\n\t<\/h2>\n<form action=\"\">\n\t<input type=\"hidden\" name=\"fl-layout-id\" value=\"6292\" \/>\n    \n\t\n\tFill in your contact details to get answers to the questions you have about CareCloud &#8211; from product description and pricing to casual talk about your customers and your business. \nOne of our experts will contact you soon.\n\t\n    \t\t<label for=\"pp-name-\">Jm\u00e9no<\/label>\n    \t\tPlease enter your name.\n    \t\t<input type=\"text\" name=\"pp-name\" id=\"pp-name-\" value=\"\" placeholder=\"Jm\u00e9no\"  \/>\n    \t\t<label for=\"pp-email-\">E-mailov\u00e1 adresa<\/label>\n    \t\tPlease enter a valid email address.\n    \t\t<input type=\"email\" name=\"pp-email\" id=\"pp-email-\" value=\"\" placeholder=\"E-mailov\u00e1 adresa\"  \/>\n    \t\t<label for=\"pp-phone-\">Telefonn\u00ed \u010d\u00edslo<\/label>\n    \t\tPlease enter a valid phone number.\n    \t\t<input type=\"tel\" name=\"pp-phone\" id=\"pp-phone-\" value=\"\" placeholder=\"Telefonn\u00ed \u010d\u00edslo\"  \/>\n    \t\t<label for=\"pp-message-\">Dotaz \u010di zpr\u00e1va<\/label>\n    \t\tPlease type your message.\n    \t\t<textarea name=\"pp-message\" id=\"pp-message-\" placeholder=\"Dotaz \u010di zpr\u00e1va\"><\/textarea>\n\t\t\t<p>Please check the captcha to verify you are not a robot.<\/p>\n\t\t<input type=\"checkbox\" name=\"pp-checkbox\" id=\"pp-checkbox_\" value=\"1\" \/>\n\t\t<label for=\"pp-checkbox_\">&#038;nbsp &#038;nbspI agree with the processing of my personal data under the <a href=\"https:\/\/www.crmcarecloud.com\/cz\/privacy-policy-cookie-use\/\">Ochrana soukrom\u00ed<\/a>.<\/label>\n\t\tPlease check this field.\n    \t<a href=\"#\" target=\"_self\" role=\"button\" rel=\"noopener\">\n    \t\t    \t\t    \t\tODESLAT\n    \t\t    \t<\/a>\n\t\t\tWe could not save your data. Please try again.\n<input type=\"hidden\" name=\"trp-form-language\" value=\"cz\"\/><\/form>\n  <p>D\u011bkujeme, brzy se s V\u00e1mi spoj\u00edme!<\/p>\n\t<p>* Upozorn\u011bn\u00ed: Uveden\u00e9 procentu\u00e1ln\u00ed hodnoty, v\u00fdsledky a v\u00fdkonnost p\u0159edstavuj\u00ed o\u010dek\u00e1van\u00e9 v\u00fdsledky pr\u00e1ce aktivn\u00edho a dostate\u010dn\u011b kapacitn\u00edho t\u00fdmu s odpov\u00eddaj\u00edc\u00edm \u0161kolen\u00edm a zku\u0161enostmi po 18 m\u011bs\u00edc\u00edch intenzivn\u00edho vyu\u017e\u00edv\u00e1n\u00ed v\u0161ech aplikac\u00ed CDP &amp; CRM CareCloud.<\/p>","protected":false},"excerpt":{"rendered":"<p>Build Your Own Loyalty Program Improve customer retention with a reward program to boost your customer data collection and improve brand reputation Simplify Loyalty Management Enjoy an easy reward program setup for all your channels from one place. Manage your customer program in CareCloud Loyalty Engine to revamp your loyalty management and monetize on customer&hellip;<\/p>","protected":false},"author":2,"featured_media":0,"parent":0,"menu_order":0,"comment_status":"closed","ping_status":"closed","template":"","meta":{"footnotes":"","_wp_rev_ctl_limit":""},"class_list":["post-6292","page","type-page","status-publish","hentry"],"_links":{"self":[{"href":"https:\/\/www.crmcarecloud.com\/cz\/wp-json\/wp\/v2\/pages\/6292","targetHints":{"allow":["GET"]}}],"collection":[{"href":"https:\/\/www.crmcarecloud.com\/cz\/wp-json\/wp\/v2\/pages"}],"about":[{"href":"https:\/\/www.crmcarecloud.com\/cz\/wp-json\/wp\/v2\/types\/page"}],"author":[{"embeddable":true,"href":"https:\/\/www.crmcarecloud.com\/cz\/wp-json\/wp\/v2\/users\/2"}],"replies":[{"embeddable":true,"href":"https:\/\/www.crmcarecloud.com\/cz\/wp-json\/wp\/v2\/comments?post=6292"}],"version-history":[{"count":4,"href":"https:\/\/www.crmcarecloud.com\/cz\/wp-json\/wp\/v2\/pages\/6292\/revisions"}],"predecessor-version":[{"id":6297,"href":"https:\/\/www.crmcarecloud.com\/cz\/wp-json\/wp\/v2\/pages\/6292\/revisions\/6297"}],"wp:attachment":[{"href":"https:\/\/www.crmcarecloud.com\/cz\/wp-json\/wp\/v2\/media?parent=6292"}],"curies":[{"name":"wp","href":"https:\/\/api.w.org\/{rel}","templated":true}]}}