{"id":4596,"date":"2021-03-04T12:13:40","date_gmt":"2021-03-04T11:13:40","guid":{"rendered":"https:\/\/www.crmcarecloud.com\/?page_id=4596"},"modified":"2025-06-03T16:20:37","modified_gmt":"2025-06-03T14:20:37","slug":"privacy-policy-cookie-use","status":"publish","type":"page","link":"https:\/\/www.crmcarecloud.com\/cz\/privacy-policy-cookie-use\/","title":{"rendered":"Privacy Policy &#038; Cookie Use"},"content":{"rendered":"<h1>\n\t\tOchrana osobn\u00edch \u00fadaj\u016f a vyu\u017eit\u00ed cookie soubor\u016f\n\t<\/h1>\n\t<h4>P\u00e9\u010de o Va\u0161e soukrom\u00ed a ochranu osobn\u00edch \u00fadaj\u016f je nezbytnou sou\u010d\u00e1st\u00ed nejen na\u0161\u00ed firemn\u00ed politiky, ale i uva\u017eov\u00e1n\u00ed ka\u017ed\u00e9ho, kdo se pod\u00edl\u00ed na tvorb\u011b platformy CareCloud.<\/h4>\n\t\t\t<a href=\"#article\" role=\"button\" target=\"_self\" onclick=\"\" rel=\"noopener\">\n\t\t\t\t\t\t\t\t\t\t\t\t\t\t\t\t\t\t\t\t\t\tZJISTIT V\u00cdCE\n\t\t\t\t\t\t\t<\/a>\n\t\t\t<a href=\"mailto:dpo@cortex.cz\" role=\"button\" target=\"_self\" onclick=\"\" rel=\"noopener\">\n\t\t\t\t\t\t\t\t\t\t\t\t\t\t\t\t\t\t\t\t\t\tNAPI\u0160TE N\u00c1M\n\t\t\t\t\t\t\t<\/a>\n<h4>\n\t\tOchrana osobn\u00edch \u00fadaj\u016f a vyu\u017eit\u00ed cookie soubor\u016f\n\t<\/h4>\n<h4>\n\t\t\u010cl\u00e1nek 1\n\t<\/h4>\n<h2>\n\t\tData Processor Identification &#038; Relevant Regulation\n\t<\/h2>\n\t<p>CareCloud brand and this website (crmcarecloud.com) is operated by Cortex, a.s. headquartered in Prague 9, U Elektry 974\/1c, 190 00, Czech Republic under identification number 471 256 16, hereinafter &#8220;Cortex&#8221;.<\/p>\n<p>&nbsp;<\/p>\n<p class=\"translation-block\">Tento dokument informuje o spr\u00e1v\u011b osobn\u00edch \u00fadaj\u016f, ochran\u011b osobn\u00edch \u00fadaj\u016f a pou\u017eit\u00ed cookie soubor\u016f spole\u010dnost\u00ed Cortex v souladu s GDPR (P\u0159edpis Evropsk\u00e9 Unie 2016\/679) a dal\u0161\u00edmi p\u0159edpisy upravuj\u00edc\u00edmi ochranu osobn\u00edch \u00fadaj\u016f. Cortex jedn\u00e1 jako zpracovatel osobn\u00edch \u00fadaj\u016f s ur\u010den\u00fdm pracovn\u00edkem ochrany osobn\u00edch \u00fadaj\u016f, kter\u00e9ho lze kontaktovat na <span style=\"color: #808080\"><a style=\"color: #808080\" href=\"mailto:dpo@cortex.cz\" target=\"_self\">dpo@cortex.cz<\/a><\/span>.<\/p>\n<p>&nbsp;<\/p>\n<p>Pros\u00edm, nevyu\u017e\u00edvejte webovou str\u00e1nku crmcarecloud.com nebo na\u0161e slu\u017eby, pokud nesouhlas\u00edte s dokumentem o ochran\u011b osobn\u00edch \u00fadaj\u016f a vyu\u017eit\u00ed cookie soubor\u016f.\u00a0<\/p>\n<h4>\n\t\t\u010cl\u00e1nek 2\n\t<\/h4>\n<h2>\n\t\tIdentifikace subjektu osobn\u00edch \u00fadaj\u016f\n\t<\/h2>\n\t<p>Cortex zpracov\u00e1v\u00e1 osobn\u00ed \u00fadaje v\u0161ech n\u00e1v\u0161t\u011bvn\u00edk\u016f webov\u00fdch str\u00e1nek, kte\u0159\u00ed souhlasili s dokumentem ochrany osobn\u00edch \u00fadaj\u016f a vyu\u017eit\u00ed cookie soubor\u016f. Cortex d\u00e1le zpracov\u00e1v\u00e1 osobn\u00ed \u00fadaje zaslan\u00e9 libovoln\u00fdm formul\u00e1\u0159em vlo\u017een\u00fdm do webov\u00fdch str\u00e1nek.<\/p>\n<p>&nbsp;<\/p>\n<p>Kdykoli Cortex ustanov\u00ed opr\u00e1vn\u011bn\u00fd z\u00e1jem a zp\u016fsob zpracov\u00e1n\u00ed osobn\u00edch \u00fadaj\u016f, st\u00e1v\u00e1 se spr\u00e1vcem osobn\u00edch \u00fadaj\u016f v souladu s \u00fa\u010delem a rozsahem poskytnut\u00fdch \u00fadaj\u016f.<\/p>\n<h4>\n\t\t\u010cl\u00e1nek 3\n\t<\/h4>\n<h2>\n\t\t\u00da\u010del zpracov\u00e1n\u00ed osobn\u00edch \u00fadaj\u016f\n\t<\/h2>\n\t<p>Cortex zpracov\u00e1v\u00e1 osobn\u00ed \u00fadaje za \u00fa\u010delem i) spln\u011bn\u00ed pr\u00e1vn\u00edch povinnost\u00ed, ii) marketingov\u00e9 komunikace, iii) p\u0159edsmluvn\u00ed komunikace, iv) n\u00e1bor\u016f, v) pln\u011bn\u00ed smluvn\u00edch vztah\u016f, vi) vylep\u0161en\u00ed zobrazovan\u00e9ho obsahu, vii) zabezpe\u010den\u00ed a viii) poskytnut\u00ed slu\u017eeb z\u00e1kaznick\u00e9ho servisu.<\/p>\n<p>&nbsp;<\/p>\n<p>Additionally, we process personal data to detect and prevent violation of terms and conditions, abuse of any website&#8217;s component, law violation, hacking or phishing attacks, or any other malicious behavior.<\/p>\n<h4>\n\t\t\u010cl\u00e1nek 4\n\t<\/h4>\n<h2>\n\t\tIdentifikace osobn\u00edch \u00fadaj\u016f\n\t<\/h2>\n\t<p>Osobn\u00ed \u00fadaje zpracov\u00e1van\u00e9 Cortexem mohou zahrnovat n\u00e1sleduj\u00edc\u00ed \u00fadaje:<\/p>\n<p>i) Identifikace za\u0159\u00edzen\u00ed v\u010detn\u011b IP adresy, verze prohl\u00ed\u017ee\u010de, za\u0159\u00edzen\u00ed, opera\u010dn\u00edho syst\u00e9mu, rozli\u0161en\u00ed obrazovky a prohl\u00ed\u017eec\u00ed trasy.<\/p>\n<p>ii) Behavior\u00e1ln\u00ed data v\u010detn\u011b data a \u010dasu n\u00e1v\u0161t\u011bvy, d\u00e9lky n\u00e1v\u0161t\u011bvy, nav\u0161t\u00edven\u00fdch str\u00e1nek, mno\u017estv\u00ed prohl\u00ed\u017een\u00fdch str\u00e1nek, po\u010dtu n\u00e1v\u0161t\u011bv, n\u00e1v\u0161t\u011bv z r\u016fzn\u00fdch za\u0159\u00edzen\u00ed a interakc\u00ed s prvky webov\u00fdch str\u00e1nek.<\/p>\n<p>iii) Demografick\u00e9 \u00fadaje v\u010detn\u011b n\u00e1rodnosti, v\u011bku, pohlav\u00ed a geografick\u00e9 oblasti.<\/p>\n<p>iv) Any data submitted using embedded forms, including but not limited to full name, email address, telephone number, address, company, and any data provided in fields tagged &#8220;Your Message&#8221; or with any reasonable equivalent of this tag.<\/p>\n<h4>\n\t\t\u010cl\u00e1nek 5\n\t<\/h4>\n<h2>\n\t\tSd\u00edlen\u00ed osobn\u00edch \u00fadaj\u016f\n\t<\/h2>\n\t<p>Policie, \u010di jin\u00e9 st\u00e1tn\u00ed org\u00e1ny mohou po\u017e\u00e1dat o p\u0159\u00edstup k osobn\u00edm \u00fadaj\u016fm ve spr\u00e1v\u011b spole\u010dnosti Cortex. Cortex zp\u0159\u00edstupn\u00ed osobn\u00ed \u00fadaje policii, \u010di jin\u00fdm st\u00e1tn\u00edm org\u00e1n\u016fm v\u017edy, kdy je k tomu pr\u00e1vn\u011b povinen.<\/p>\n<p>&nbsp;<\/p>\n<p>Cortex cooperates with subcontractors, who might process personal data on Cortex&#8217;s behalf. Subcontractors are predominantly cloud and IT vendors or marketing providers. All Cortex subcontractors are contractually obliged to comply with all regulations protecting personal data.<\/p>\n<p>&nbsp;<\/p>\n<p>Cortex sd\u00edl\u00ed osobn\u00ed \u00fadaje s platformami pro analytick\u00e9, marketingov\u00e9 a funk\u010dn\u00ed \u00fa\u010dely. Sd\u00edlen\u00ed osobn\u00edch \u00fadaj\u016f s analytick\u00fdmi a marketingov\u00fdmi platformami je omezeno na nezbytn\u00e9 \u00fadaje pro jejich plnohodnotn\u00e9 fungov\u00e1n\u00ed.<\/p>\n<h4>\n\t\t\u010cl\u00e1nek 6\n\t<\/h4>\n<h2>\n\t\tPr\u00e1va subjektu osobn\u00edch \u00fadaj\u016f\n\t<\/h2>\n\t<p>The data subject has the right to opt-out from marketing communication using the &#8220;unsubscribe&#8221; option in the marketing communication itself or by contacting Cortex at <a href=\"mailto:info@cortex.cz\">info@cortex.cz<\/a>.<\/p>\n<p>&nbsp;<\/p>\nSubjekt osobn\u00edch \u00fadaj\u016f m\u00e1 n\u00e1sleduj\u00edc\u00ed pr\u00e1va:<br \/>\ni) pr\u00e1vo na p\u0159\u00edstup k osobn\u00edm \u00fadaj\u016fm,<br \/>\nii) pr\u00e1vo na opravu, resp. dopln\u011bn\u00ed,<br \/>\niii) pr\u00e1vo na v\u00fdmaz v souladu s pravidly \u010dl\u00e1nku 17 GDPR,<br \/>\niv) pr\u00e1vo na omezen\u00ed zpracov\u00e1n\u00ed,<br \/>\nv) obdr\u017eet kopii osobn\u00edch \u00fadaj\u016f,<br \/>\nvi) pr\u00e1vo vzn\u00e9st n\u00e1mitku.\n<p>&nbsp;<\/p>\n<p>Subjekt osobn\u00edch \u00fadaj\u016f m\u00e1 pr\u00e1vo odeslat st\u00ed\u017enost relevantn\u00edch org\u00e1n\u016fm ochrany osobn\u00edch \u00fadaj\u016f v \u010cesk\u00e9 republice.<\/p>\n<h4>\n\t\t\u010cl\u00e1nek 7\n\t<\/h4>\n<h2>\n\t\tBezpe\u010dnost osobn\u00edch \u00fadaj\u016f\n\t<\/h2>\n\t<p>Cortex implementoval v\u0161echny p\u0159im\u011b\u0159en\u00e9 mechanismy ochrany soukrom\u00ed a prevence neopr\u00e1vn\u011bn\u00e9ho p\u0159\u00edstupu k osobn\u00edm \u00fadaj\u016fm. Ochrana osobn\u00edch \u00fadaj\u016f se skl\u00e1d\u00e1 z organiza\u010dn\u00edch, technick\u00fdch a fyzick\u00fdch opat\u0159en\u00ed, kter\u00e9 jsou v souladu se sou\u010dasn\u00fdmi doporu\u010den\u00fdmi postupy pro zaji\u0161t\u011bn\u00ed dostate\u010dn\u00e9 \u00farovn\u011b ochrany.<\/p>\n<p>&nbsp;<\/p>\n<p>Implementovan\u00e1 opat\u0159en\u00ed nejsou pops\u00e1na v tomto ve\u0159ejn\u011b p\u0159\u00edstupn\u00e9m dokumentu z d\u016fvodu zachov\u00e1n\u00ed jejich schopnosti chr\u00e1nit zpracov\u00e1van\u00e9 osobn\u00ed \u00fadaje.<\/p>\n<h4>\n\t\t\u010cl\u00e1nek 8\n\t<\/h4>\n<h2>\n\t\tUchov\u00e1n\u00ed osobn\u00edch \u00fadaj\u016f\n\t<\/h2>\n\t<p>V\u0161echny osobn\u00ed \u00fadaje jsou uchov\u00e1ny po dobu nezbytnou pro napln\u011bn\u00ed \u00fa\u010delu pro kter\u00fd byly shrom\u00e1\u017ed\u011bny. Del\u0161\u00ed uchov\u00e1n\u00ed osobn\u00edch \u00fadaj\u016f je mo\u017en\u00e9 pouze v p\u0159\u00edpadech, kdy je takov\u00e9 uchov\u00e1n\u00ed vy\u017eadov\u00e1no relevantn\u00edmi p\u0159edpisy \u010di st\u00e1tn\u00edmi org\u00e1ny.<\/p>\n<p>&nbsp;<\/p>\n<p>\u00dadaje pro statistick\u00e9 a analytick\u00e9 \u00fa\u010dely jsou anonymizov\u00e1ny a n\u00e1sledn\u011b uchov\u00e1v\u00e1ny takov\u00fdm zp\u016fsobem, \u017ee je nelze p\u0159i\u0159adit ke konkr\u00e9tn\u00ed osob\u011b. Anonymizovan\u00e1 data ji\u017e nespadaj\u00ed do kategorie osobn\u00edch \u00fadaj\u016f, jsou tedy uchov\u00e1v\u00e1ny a zpracov\u00e1v\u00e1ny dle uv\u00e1\u017een\u00ed Cortexu.<\/p>\n<h4>\n\t\t\u010cl\u00e1nek 9\n\t<\/h4>\n<h2>\n\t\tPou\u017eit\u00ed soubor\u016f cookie\n\t<\/h2>\n\t<p>Cookies are small text files containing a string of characters to uniquely identify a browser. Cookies are sent to a device by a website owner or third parties. The majority of web browsers are by default set up to accept cookies since they are commonly necessary for a website&#8217;s smooth operation. In most cases, users can change the browser settings to refuse all cookies, block third party cookies, or notify whenever a cookie is sent.<\/p>\n<p>&nbsp;<\/p>\n<p>CareCloud website uses technical cookies to facilitate smooth website operation and make interaction with website elements fully functional. CareCloud website further uses analytical cookies from Google Analytics; marketing cookies from Google Ads, Sklik, LinkedIn, Twitter, and Facebook to facilitate targeted marketing, measure conversions, and improve visitors&#8217; experience, or personalize the website&#8217;s content.<\/p>\n<p>&nbsp;<\/p>\nMore information about cookie functionality and a visitor&#8217;s ability to manage cookies can be found a<br \/>\n<a href=\"https:\/\/en.wikipedia.org\/wiki\/HTTP_cookie\" target=\"_blank\" rel=\"noopener\">https:\/\/en.wikipedia.org\/wiki\/HTTP_cookie<\/a>\n<p>Pros\u00edme, nepou\u017e\u00edvejte CareCloud webov\u00e9 str\u00e1nky, nebo na\u0161e slu\u017eby, pokud nesouhlas\u00edte s pou\u017eit\u00edm cookie soubor\u016f.<\/p>\n<h4>\n\t\t\u010cl\u00e1nek 10\n\t<\/h4>\n<h2>\n\t\tCookies t\u0159et\u00edch stran\n\t<\/h2>\n\t<p>Third-party cookies follow the relevant third-party cookie policy. CareCloud&#8217;s website utilizes cookies of trustworthy and reputable parties. The list of links to third parties cookie policies follows <a href=\"https:\/\/www.facebook.com\/policy\/cookies\/\" target=\"_blank\" rel=\"noopener\">Facebook<\/a>, <a href=\"https:\/\/policies.google.com\/technologies\/ads?hl=en-US\" target=\"_blank\" rel=\"noopener\">Google Ads<\/a>, <a href=\"https:\/\/policies.google.com\/technologies\/cookies?hl=en-US\" target=\"_blank\" rel=\"noopener\">Google Analytics<\/a>, <a href=\"https:\/\/www.linkedin.com\/legal\/cookie-policy\" target=\"_blank\" rel=\"noopener\">LinkedIn<\/a>, <a href=\"https:\/\/www.seznam.cz\/reklama\/en\/obsahovy-web\/pravidla-reklamy\/gdpr\/\" target=\"_blank\" rel=\"noopener\">Sklik<\/a>, and <a href=\"https:\/\/help.twitter.com\/en\/rules-and-policies\/twitter-cookies\" target=\"_blank\" rel=\"noopener\" class=\"broken_link\">Twitter<\/a>.<\/p>\n<h4>\n\t\t\u010cl\u00e1nek 11\n\t<\/h4>\n<h2>\n\t\tZm\u011bny dokumentu\n\t<\/h2>\n\t<p>Tento dokument m\u016f\u017ee b\u00fdt Cortexem aktualizov\u00e1n bez p\u0159edchoz\u00edho upozorn\u011bn\u00ed. Aktualizovan\u00e1 verze nab\u00fdv\u00e1 platnosti a \u00fa\u010dinnosti v okam\u017eiku jej\u00edho zve\u0159ejn\u011bn\u00ed na webov\u00fdch str\u00e1nk\u00e1ch.<\/p>\n<h4>\n\t\tORIGIN\u00c1LN\u00cd CARECLOUD APLIKACE\n\t<\/h4>\n<h2>\n\t\tRozv\u00edjejte sv\u016fj business s podporou t\u011bchto integrovan\u00fdch aplikac\u00ed\n\t<\/h2>\n    <!-- If we need navigation buttons -->\n    <!-- Slider main container -->\n        <!-- Additional required wrapper -->\n            <!-- Slides -->\n            <a href=\"\/cz\/customer-360-view\/\">\n                <img decoding=\"async\" src=\"https:\/\/www.crmcarecloud.com\/wp-content\/uploads\/2020\/05\/applications-background-crm.png\" alt=\"\" \/>\n                Z\u00e1kazn\u00edk 360\n            <\/a>\n            <a href=\"\/cz\/kampane-a-segmentace\/\">\n                <img decoding=\"async\" src=\"https:\/\/www.crmcarecloud.com\/wp-content\/uploads\/2020\/05\/applications-background-ecs@2.png\" alt=\"\" \/>\n                Kampan\u011b a segmentace\n            <\/a>\n            <a href=\"\/cz\/marketing-automation\/\">\n                <img decoding=\"async\" src=\"https:\/\/www.crmcarecloud.com\/wp-content\/uploads\/2020\/05\/applications-background-ma-2.png\" alt=\"\" \/>\n                Marketingov\u00e1 automatizace\n            <\/a>\n            <a href=\"\/cz\/analyza-a-predikce\/\">\n                <img decoding=\"async\" src=\"https:\/\/www.crmcarecloud.com\/wp-content\/uploads\/2020\/05\/applications-background-reporting-2.png\" alt=\"\" \/>\n                Anal\u00fdza a predikce\n            <\/a>\n            <a href=\"\/cz\/vernostni-programy\/\">\n                <img decoding=\"async\" src=\"https:\/\/www.crmcarecloud.com\/wp-content\/uploads\/2020\/05\/applications-background-administrace-2.png\" alt=\"\" \/>\n                V\u011brnostn\u00ed programy\n            <\/a>\n            <a href=\"https:\/\/www.crmcarecloud.com\/cz\/additional-integrations\/#application-warehouse\">                <img decoding=\"async\" src=\"https:\/\/www.crmcarecloud.com\/wp-content\/uploads\/2020\/05\/applications-background-pcs-2.png\" alt=\"\" \/>                Shipments &#038; Warehouse            <\/a>\n            <a href=\"https:\/\/www.crmcarecloud.com\/cz\/additional-integrations\/#application-invoices\">                <img decoding=\"async\" src=\"https:\/\/www.crmcarecloud.com\/wp-content\/uploads\/2020\/05\/applications-background-invoices-2.png\" alt=\"\" \/>                Billing &#038; Invoices            <\/a>\n            <a href=\"https:\/\/www.crmcarecloud.com\/cz\/additional-integrations\/#application-eshop\">                <img decoding=\"async\" src=\"https:\/\/www.crmcarecloud.com\/wp-content\/uploads\/2020\/05\/applications-background-eshop-2.png\" alt=\"\" \/>                E-shop &#038; Administration            <\/a>\n            <a href=\"https:\/\/www.crmcarecloud.com\/cz\/additional-integrations\/#application-webmail\">                <img decoding=\"async\" src=\"https:\/\/www.crmcarecloud.com\/wp-content\/uploads\/2020\/05\/applications-background-webmail-2.png\" alt=\"\" \/>                Webmail server            <\/a>\n            <a href=\"https:\/\/www.crmcarecloud.com\/cz\/additional-integrations\/#application-reservation\">                <img decoding=\"async\" src=\"https:\/\/www.crmcarecloud.com\/wp-content\/uploads\/2020\/05\/applications-background-orls-2.png\" alt=\"\" \/>                Rezerva\u010dn\u00ed syst\u00e9m            <\/a>\n    <!-- If we need navigation buttons -->\n<link rel=\"stylesheet\" href=\"https:\/\/unpkg.com\/swiper\/css\/swiper.min.css\"\/>\n<link rel=\"stylesheet\" href=\"https:\/\/cdn.carecloud.cz\/crmcarecloud.com\/apps-overview\/apps-overview.css\"\/>\n\t\t\t\t<img loading=\"lazy\" decoding=\"async\" src=\"https:\/\/www.crmcarecloud.com\/wp-content\/uploads\/2020\/05\/kreslo.png\" alt=\"kreslo\" itemprop=\"image\" height=\"1116\" width=\"1083\" title=\"kreslo\" onerror=\"this.style.display='none'\"  \/>\n<h4>\n\t\tP\u0158IPOJTE SE DO CLOUDU\n\t<\/h4>\n<h2>\n\t\tChcete v\u011bd\u011bt v\u00edce o funkcionalit\u00e1ch platformy CDP &amp; CRM CareCloud?\n\t<\/h2>\n<form action=\"\">\n\t<input type=\"hidden\" name=\"fl-layout-id\" value=\"4596\" \/>\n    \n\t\n\tFill in your contact details to get answers to the questions you have about CareCloud &#8211; from product description and pricing to casual talk about your customers and your business. \nOne of our experts will contact you soon.\n\t\n    \t\t<label for=\"pp-name-\">Jm\u00e9no<\/label>\n    \t\tPlease enter your name.\n    \t\t<input type=\"text\" name=\"pp-name\" id=\"pp-name-\" value=\"\" placeholder=\"Jm\u00e9no\"  \/>\n    \t\t<label for=\"pp-email-\">E-mailov\u00e1 adresa<\/label>\n    \t\tPlease enter a valid email address.\n    \t\t<input type=\"email\" name=\"pp-email\" id=\"pp-email-\" value=\"\" placeholder=\"E-mailov\u00e1 adresa\"  \/>\n    \t\t<label for=\"pp-phone-\">Telefonn\u00ed \u010d\u00edslo<\/label>\n    \t\tPlease enter a valid phone number.\n    \t\t<input type=\"tel\" name=\"pp-phone\" id=\"pp-phone-\" value=\"\" placeholder=\"Telefonn\u00ed \u010d\u00edslo\"  \/>\n    \t\t<label for=\"pp-message-\">Dotaz \u010di zpr\u00e1va<\/label>\n    \t\tPlease type your message.\n    \t\t<textarea name=\"pp-message\" id=\"pp-message-\" placeholder=\"Dotaz \u010di zpr\u00e1va\"><\/textarea>\n\t\t\t<p>Please check the captcha to verify you are not a robot.<\/p>\n\t\t<input type=\"checkbox\" name=\"pp-checkbox\" id=\"pp-checkbox_\" value=\"1\" \/>\n\t\t<label for=\"pp-checkbox_\">&#038;nbsp &#038;nbspI agree with the processing of my personal data under the <a href=\"https:\/\/www.crmcarecloud.com\/cz\/privacy-policy-cookie-use\/\">Ochrana soukrom\u00ed<\/a>.<\/label>\n\t\tPlease check this field.\n    \t<a href=\"#\" target=\"_self\" role=\"button\" rel=\"noopener\">\n    \t\t    \t\t    \t\tODESLAT\n    \t\t    \t<\/a>\n\t\t\tWe could not save your data. Please try again.\n<input type=\"hidden\" name=\"trp-form-language\" value=\"cz\"\/><\/form>\n  <p>D\u011bkujeme, brzy se s V\u00e1mi spoj\u00edme!<\/p>","protected":false},"excerpt":{"rendered":"<p>Privacy Policy and Use of Cookies We care about your privacy and personal data protection Learn more Get in Touch Privacy Policy and Use of Cookies Section 1 Data Processor Identification &#038; Relevant Regulation CareCloud brand and this website (crmcarecloud.com) is operated by Cortex, a.s. headquartered in Prague 9, U Elektry 974\/1c, 190 00, Czech&hellip;<\/p>","protected":false},"author":2,"featured_media":0,"parent":0,"menu_order":0,"comment_status":"closed","ping_status":"closed","template":"","meta":{"footnotes":"","_wp_rev_ctl_limit":""},"class_list":["post-4596","page","type-page","status-publish","hentry"],"_links":{"self":[{"href":"https:\/\/www.crmcarecloud.com\/cz\/wp-json\/wp\/v2\/pages\/4596","targetHints":{"allow":["GET"]}}],"collection":[{"href":"https:\/\/www.crmcarecloud.com\/cz\/wp-json\/wp\/v2\/pages"}],"about":[{"href":"https:\/\/www.crmcarecloud.com\/cz\/wp-json\/wp\/v2\/types\/page"}],"author":[{"embeddable":true,"href":"https:\/\/www.crmcarecloud.com\/cz\/wp-json\/wp\/v2\/users\/2"}],"replies":[{"embeddable":true,"href":"https:\/\/www.crmcarecloud.com\/cz\/wp-json\/wp\/v2\/comments?post=4596"}],"version-history":[{"count":5,"href":"https:\/\/www.crmcarecloud.com\/cz\/wp-json\/wp\/v2\/pages\/4596\/revisions"}],"predecessor-version":[{"id":9121,"href":"https:\/\/www.crmcarecloud.com\/cz\/wp-json\/wp\/v2\/pages\/4596\/revisions\/9121"}],"wp:attachment":[{"href":"https:\/\/www.crmcarecloud.com\/cz\/wp-json\/wp\/v2\/media?parent=4596"}],"curies":[{"name":"wp","href":"https:\/\/api.w.org\/{rel}","templated":true}]}}