{"id":2150,"date":"2020-06-25T14:06:55","date_gmt":"2020-06-25T12:06:55","guid":{"rendered":"https:\/\/www.crmcarecloud.com\/?page_id=2150"},"modified":"2023-03-03T15:33:45","modified_gmt":"2023-03-03T14:33:45","slug":"additional-integrations","status":"publish","type":"page","link":"https:\/\/www.crmcarecloud.com\/cz\/additional-integrations\/","title":{"rendered":"Additional Integrations"},"content":{"rendered":"<h1>\n\t\tAdditional Integrations for Your CareCloud\n\t<\/h1>\n\t<h4>Get to the new level with native integration of miscellaneous applications<\/h4>\n\t\t\t<a href=\"#application-warehouse\" role=\"button\" target=\"_self\" onclick=\"\" rel=\"noopener\">\n\t\t\t\t\t\t\t\t\t\t\t\t\t\t\t\t\t\t\t\t\t\tOBJEVTE V\u00cdCE\n\t\t\t\t\t\t\t<\/a>\n\t\t\t<a href=\"#contact-us\" role=\"button\" target=\"_self\" onclick=\"\" rel=\"noopener\">\n\t\t\t\t\t\t\t\t\t\t\t\t\t\t\t\t\t\t\t\t\t\tNAPI\u0160TE N\u00c1M\n\t\t\t\t\t\t\t<\/a>\n\t\t\t\t\t\t\t\t\t\t<img decoding=\"async\" src=\"https:\/\/www.crmcarecloud.com\/wp-content\/uploads\/2020\/06\/header_cut_marketing.png\" alt=\"header_cut_marketing\" itemprop=\"image\"  \/>\n<h4>\n\t\tMODULE FEATURES\n\t<\/h4>\n<h2>\n\t\tShipments &#038; Warehouse\n\t<\/h2>\n<p>Aplikace pro kompletn\u00ed a p\u0159ehledn\u00e9 veden\u00ed skladu a evidence ve\u0161ker\u00fdch pohyb\u016f skladov\u00fdch polo\u017eek. P\u0159ehledn\u00e9 reporty usnad\u0148uj\u00ed evidenci i ve\u0161ker\u00e9 skladov\u00e9 operace.<\/p>\n<p>Z\u00edsk\u00e1te okam\u017eit\u00fd p\u0159ehled o stavu i pohybu jednotliv\u00fdch skladov\u00fdch polo\u017eek s neomezenou filtrac\u00ed dle typu, mno\u017estv\u00ed, ceny nebo jak\u00fdchkoliv dal\u0161\u00edch parametr\u016f. Proch\u00e1zejte kompletn\u00ed historii pohybu skladov\u00fdch polo\u017eek pro dokonal\u00fd p\u0159ehled dokonal\u00e9 \u0159\u00edzen\u00ed plynul\u00e9ho prodeje a kr\u00e1tk\u00fdch dodac\u00edch term\u00edn\u016f.<\/p>\n\t\t\t<a href=\"#contact-us\" target=\"_self\" role=\"button\" rel=\"noopener\">\n\t\t\t\t\t\t\tKONTAKTOVAT\n\t\t\t\t\t<\/a>\n<h4>\n\t\tMODULE FEATURES\n\t<\/h4>\n<h2>\n\t\tBilling &#038; Invoices\n\t<\/h2>\n\t<p>Zrychlete procesy d\u00edky integrovan\u00e9 aplikaci pro fakturaci a spr\u00e1vu plateb. P\u0159i ka\u017ed\u00e9m n\u00e1kupu \u010di objedn\u00e1vce jsou automaticky vytvo\u0159eny a zalo\u017eeny ve\u0161ker\u00e9 pot\u0159ebn\u00e9 dokumenty.<\/p>\n<p>Aplikaci napoj\u00edte na libovoln\u00fd pokladn\u00ed syst\u00e9m, e-shop, nebo extern\u00ed software d\u00edky univerz\u00e1ln\u00edmu API rozhran\u00ed. Z\u00edsk\u00e1te tak centr\u00e1ln\u00ed administraci faktur a plateb pro v\u0161echny sv\u00e9 kan\u00e1ly.<\/p>\n\t\t\t<a href=\"#contact-us\" target=\"_self\" role=\"button\" rel=\"noopener\">\n\t\t\t\t\t\t\tKONTAKTOVAT\n\t\t\t\t\t<\/a>\n\t\t\t\t<img loading=\"lazy\" decoding=\"async\" src=\"https:\/\/www.crmcarecloud.com\/wp-content\/uploads\/2020\/07\/eshop.png\" alt=\"eshop\" itemprop=\"image\" height=\"567\" width=\"800\" title=\"eshop\" onerror=\"this.style.display='none'\"  \/>\n<h4>\n\t\tMODULE FEATURES\n\t<\/h4>\n<h2>\n\t\tE-shop &#038; Administration\n\t<\/h2>\n\t<p>Z\u00edskejte intuitivn\u00ed spr\u00e1vu sv\u00e9ho sortimentu, v\u010detn\u011b produktov\u00fdch skupin, cenov\u00fdch nastaven\u00ed a dal\u0161\u00edch parametr\u016f d\u00edky integrovan\u00e9 e-shop aplikaci. Administrace je napojena na Upsell a Cross-sell funkcionality, kter\u00e9 navy\u0161uj\u00ed pr\u016fm\u011brnou \u00fatratu z\u00e1kazn\u00edka p\u0159i n\u00e1kupu.<\/p>\n<p>Define custom or rule-based criteria for product recommendation based on current basket or shopping history to achieve a truly personalized experience for each customer. Improve customers&#8217; lifetime value by taking advantage of the recommendation and upsell features in the CareCloud e-shop application.<\/p>\n\t<a href=\"#contact-us\" target=\"_self\" role=\"button\" aria-label=\"NAPI\u0160TE N\u00c1M\" rel=\"noopener\">\n\t\t\t\tNAPI\u0160TE N\u00c1M\n\t\t\t<\/a>\n<h4>\n\t\tMODULE FEATURES\n\t<\/h4>\n<h2>\n\t\tWebmail server\n\t<\/h2>\n\t<p>Webmail aplikace je ide\u00e1ln\u00ed pro z\u00e1kaznick\u00fd servis funguj\u00edc\u00ed pod jednou e-mailovou adresou. V\u00e1\u0161 t\u00fdm bude m\u00edt p\u0159ehled o e-mailech k vy\u0159\u00edzen\u00ed, rozpracovan\u00fdch po\u017eadavc\u00edch a pozn\u00e1mk\u00e1ch sv\u00fdch koleg\u016f. Vytvo\u0159te jim \u0161ablony odpov\u011bd\u00ed, podpis\u016f a nastavte ticketovac\u00ed pravidla pro zrychlen\u00ed komunikace. Zachov\u00e1te si plnou kontrolu d\u00edky u\u017eivatelsk\u00fdm log\u016fm a p\u0159ehledn\u00fdm report\u016fm.<\/p>\n<p>&nbsp;<\/p>\n<p>D\u00edky propojen\u00ed webmailu s 360\u00b0 z\u00e1kaznick\u00fdm pohledem dop\u0159ejete z\u00e1kazn\u00edk\u016fm pocit osobn\u00edho kontaktu s vyu\u017eit\u00edm chytr\u00fdch \u0161ablon s prom\u011bnn\u00fdmi pro personalizaci komunikace. Ka\u017ed\u00fd e-mail bude vypadat, jako by byl naps\u00e1n ru\u010dn\u011b pr\u00e1v\u011b pro tuto p\u0159\u00edle\u017eitost.<\/p>\n\t\t\t\t<img loading=\"lazy\" decoding=\"async\" src=\"https:\/\/www.crmcarecloud.com\/wp-content\/uploads\/2020\/06\/Webmail_device_cut.png\" alt=\"Webmail_device_cut\" itemprop=\"image\" height=\"712\" width=\"1102\" title=\"Webmail_device_cut\" onerror=\"this.style.display='none'\"  \/>\n\t<a href=\"#contact-us\" target=\"_self\" role=\"button\" aria-label=\"NAPI\u0160TE N\u00c1M\" rel=\"noopener\">\n\t\t\t\tNAPI\u0160TE N\u00c1M\n\t\t\t<\/a>\n\t\t\t\t<img loading=\"lazy\" decoding=\"async\" src=\"https:\/\/www.crmcarecloud.com\/wp-content\/uploads\/2020\/07\/Rezervace.png\" alt=\"Rezervace\" itemprop=\"image\" height=\"953\" width=\"800\" title=\"Rezervace\" onerror=\"this.style.display='none'\"  \/>\n<h4>\n\t\tMODULE FEATURES\n\t<\/h4>\n<h2>\n\t\tRezerva\u010dn\u00ed syst\u00e9m\n\t<\/h2>\n\t<p>Spravujte voln\u00e9 stoly, m\u00edstnosti i \u010dasov\u00e9 sloty v rezerva\u010dn\u00ed aplikaci v rozhran\u00ed CareCloudu. Rezervace mohou zpracov\u00e1vat Va\u0161i zam\u011bstnanci, nebo je zp\u0159\u00edstupn\u00edte online z\u00e1kazn\u00edk\u016fm pro rychl\u00e9 a pohodln\u00e9 objedn\u00e1n\u00ed.<\/p>\n<p>Vyu\u017eijte automatick\u00e9 sc\u00e9n\u00e1\u0159e, kter\u00e9 upozorn\u00ed z\u00e1kazn\u00edky na bl\u00ed\u017e\u00edc\u00ed se \u010das rezervace, aby na objednan\u00e9 slu\u017eby nezapomn\u011bli. Umo\u017en\u011bte jim upravit si rezervaci n\u011bkolika kliknut\u00edmi a uvolnit tak p\u0159\u00edpadn\u011b m\u00edsta pro dal\u0161\u00ed hosty.<\/p>\n\t<a href=\"#contact-us\" target=\"_self\" role=\"button\" aria-label=\"NAPI\u0160TE N\u00c1M\" rel=\"noopener\">\n\t\t\t\tNAPI\u0160TE N\u00c1M\n\t\t\t<\/a>\n\t\t\t\t<img loading=\"lazy\" decoding=\"async\" src=\"https:\/\/www.crmcarecloud.com\/wp-content\/uploads\/2020\/05\/kreslo.png\" alt=\"kreslo\" itemprop=\"image\" height=\"1116\" width=\"1083\" title=\"kreslo\" onerror=\"this.style.display='none'\"  \/>\n<h4>\n\t\tP\u0158IPOJTE SE DO CLOUDU\n\t<\/h4>\n<h2>\n\t\tChcete v\u011bd\u011bt v\u00edce o funkcionalit\u00e1ch platformy CDP &amp; CRM CareCloud?\n\t<\/h2>\n<form action=\"\">\n\t<input type=\"hidden\" name=\"fl-layout-id\" value=\"2150\" \/>\n    \n\t\n\tFill in your contact details to get answers to the questions you have about CareCloud &#8211; from product description and pricing to casual talk about your customers and your business. \nOne of our experts will contact you soon.\n\t\n    \t\t<label for=\"pp-name-\">Jm\u00e9no<\/label>\n    \t\tPlease enter your name.\n    \t\t<input type=\"text\" name=\"pp-name\" id=\"pp-name-\" value=\"\" placeholder=\"Jm\u00e9no\"  \/>\n    \t\t<label for=\"pp-email-\">E-mailov\u00e1 adresa<\/label>\n    \t\tPlease enter a valid email address.\n    \t\t<input type=\"email\" name=\"pp-email\" id=\"pp-email-\" value=\"\" placeholder=\"E-mailov\u00e1 adresa\"  \/>\n    \t\t<label for=\"pp-phone-\">Telefonn\u00ed \u010d\u00edslo<\/label>\n    \t\tPlease enter a valid phone number.\n    \t\t<input type=\"tel\" name=\"pp-phone\" id=\"pp-phone-\" value=\"\" placeholder=\"Telefonn\u00ed \u010d\u00edslo\"  \/>\n    \t\t<label for=\"pp-message-\">Dotaz \u010di zpr\u00e1va<\/label>\n    \t\tPlease type your message.\n    \t\t<textarea name=\"pp-message\" id=\"pp-message-\" placeholder=\"Dotaz \u010di zpr\u00e1va\"><\/textarea>\n\t\t\t<p>Please check the captcha to verify you are not a robot.<\/p>\n\t\t<input type=\"checkbox\" name=\"pp-checkbox\" id=\"pp-checkbox_\" value=\"1\" \/>\n\t\t<label for=\"pp-checkbox_\">&#038;nbsp &#038;nbspI agree with the processing of my personal data under the <a href=\"https:\/\/www.crmcarecloud.com\/cz\/privacy-policy-cookie-use\/\">Ochrana soukrom\u00ed<\/a>.<\/label>\n\t\tPlease check this field.\n    \t<a href=\"#\" target=\"_self\" role=\"button\" rel=\"noopener\">\n    \t\t    \t\t    \t\tODESLAT\n    \t\t    \t<\/a>\n\t\t\tWe could not save your data. Please try again.\n<input type=\"hidden\" name=\"trp-form-language\" value=\"cz\"\/><\/form>\n  <p>D\u011bkujeme, brzy se s V\u00e1mi spoj\u00edme!<\/p>","protected":false},"excerpt":{"rendered":"<p>Additional Integrations for Your CareCloud Get to the new level with native integration of miscellaneous applications Discover more Get in Touch MODULE FEATURES Shipments &#038; Warehouse Enjoy transparent stock item movement record and easy inventory supervision thanks to Shipment &amp; Warehouse application. Create user-friendly reports to get an overview of the current stock amount and&hellip;<\/p>","protected":false},"author":2,"featured_media":0,"parent":0,"menu_order":0,"comment_status":"closed","ping_status":"closed","template":"","meta":{"footnotes":"","_wp_rev_ctl_limit":""},"class_list":["post-2150","page","type-page","status-publish","hentry"],"_links":{"self":[{"href":"https:\/\/www.crmcarecloud.com\/cz\/wp-json\/wp\/v2\/pages\/2150","targetHints":{"allow":["GET"]}}],"collection":[{"href":"https:\/\/www.crmcarecloud.com\/cz\/wp-json\/wp\/v2\/pages"}],"about":[{"href":"https:\/\/www.crmcarecloud.com\/cz\/wp-json\/wp\/v2\/types\/page"}],"author":[{"embeddable":true,"href":"https:\/\/www.crmcarecloud.com\/cz\/wp-json\/wp\/v2\/users\/2"}],"replies":[{"embeddable":true,"href":"https:\/\/www.crmcarecloud.com\/cz\/wp-json\/wp\/v2\/comments?post=2150"}],"version-history":[{"count":2,"href":"https:\/\/www.crmcarecloud.com\/cz\/wp-json\/wp\/v2\/pages\/2150\/revisions"}],"predecessor-version":[{"id":9034,"href":"https:\/\/www.crmcarecloud.com\/cz\/wp-json\/wp\/v2\/pages\/2150\/revisions\/9034"}],"wp:attachment":[{"href":"https:\/\/www.crmcarecloud.com\/cz\/wp-json\/wp\/v2\/media?parent=2150"}],"curies":[{"name":"wp","href":"https:\/\/api.w.org\/{rel}","templated":true}]}}