{"id":1782,"date":"2020-06-16T10:09:12","date_gmt":"2020-06-16T08:09:12","guid":{"rendered":"https:\/\/www.crmcarecloud.com\/?page_id=1782"},"modified":"2023-03-03T15:21:10","modified_gmt":"2023-03-03T14:21:10","slug":"zodpovednost","status":"publish","type":"page","link":"https:\/\/www.crmcarecloud.com\/cz\/zodpovednost\/","title":{"rendered":"Zodpov\u011bdnost"},"content":{"rendered":"<h1>\n\t\tV\u011bnujeme p\u00e9\u010di sv\u00e9mu okol\u00ed\n\t<\/h1>\n\t<h4>Soci\u00e1ln\u00ed a environment\u00e1ln\u00ed zodpov\u011bdnost je nezbytnou sou\u010d\u00e1st\u00ed nejen na\u0161\u00ed firemn\u00ed politiky,\nale i uva\u017eov\u00e1n\u00ed ka\u017ed\u00e9ho, kdo se pod\u00edl\u00ed na tvorb\u011b platformy CareCloud.<\/h4>\n\t\t\t<a href=\"#equal-opportunity\" role=\"button\" target=\"_self\" onclick=\"\" rel=\"noopener\">\n\t\t\t\t\t\t\t\t\t\t\t\t\t\t\t\t\t\t\t\t\t\tZJISTIT V\u00cdCE\n\t\t\t\t\t\t\t<\/a>\n\t\t\t<a href=\"#explore-cloud\" role=\"button\" target=\"_self\" onclick=\"\" rel=\"noopener\">\n\t\t\t\t\t\t\t\tNAPI\u0160TE N\u00c1M\n\t\t\t\t\t\t\t\t\t\t\t\t\t\t\t\t\t\t\t\t\t<\/a>\n\t\t\t\t<img loading=\"lazy\" decoding=\"async\" src=\"https:\/\/www.crmcarecloud.com\/wp-content\/uploads\/2020\/06\/Cortex-We-Care-opportunities.png\" alt=\"Cortex - We Care opportunities\" itemprop=\"image\" height=\"976\" width=\"889\" title=\"Cortex - We Care opportunities\" onerror=\"this.style.display='none'\"  \/>\n<h4>\n\t\tROVN\u00c9 P\u0158\u00cdLE\u017dITOSTI\n\t<\/h4>\n<h2>\n\t\tKa\u017ed\u00fd u n\u00e1s dostane svou \u0161anci\n\t<\/h2>\n\t<p>Vytv\u00e1\u0159\u00edme prost\u0159ed\u00ed, kter\u00e9 respektuje schopnosti a pot\u0159eby ka\u017ed\u00e9ho jednotlivce. Na\u0161e firemn\u00ed kultura diverzity a inkluze vytv\u00e1\u0159\u00ed bezpe\u010dn\u00e9 pracovn\u00ed prost\u0159ed\u00ed s podporou r\u016fstu pro v\u0161echny na\u0161e zam\u011bstnance.<\/p>\n<p>Sna\u017e\u00edme se o plnohodnotn\u00e9 za\u010dlen\u011bn\u00ed ka\u017ed\u00e9ho zam\u011bstnance do na\u0161eho pracovn\u00edho t\u00fdmu. Rodi\u010de s mal\u00fdmi d\u011btmi maj\u00ed mo\u017enost vyu\u017e\u00edt \u0161kolky na pracovi\u0161ti zdarma a bez probl\u00e9m\u016f tak kombinovat pracovn\u00ed povinnosti s p\u00e9\u010d\u00ed o d\u011bti.<\/p>\n<p>Student\u016fm poskytujeme studijn\u00ed volno b\u011bhem zkou\u0161kov\u00e9ho obdob\u00ed a pracovn\u00ed pom\u011br ve zkr\u00e1cen\u00e9m re\u017eimu po zbytek roku. Da\u0159\u00ed se n\u00e1m tak propojovat teoretick\u00e9 znalosti student\u016f se z\u00edsk\u00e1v\u00e1n\u00edm praktick\u00fdch zku\u0161enost\u00ed ji\u017e b\u011bhem studia. D\u00edky tomu bez pot\u00ed\u017e\u00ed nastupuj\u00ed na specializovan\u00e9 pozice hned po ukon\u010den\u00ed studia. Mezin\u00e1rodn\u00ed slo\u017een\u00ed na\u0161eho t\u00fdmu n\u00e1m d\u00e1v\u00e1 mo\u017enost porozum\u011bt rozd\u00edln\u00fdm kultur\u00e1m a vytv\u00e1\u0159et tak inspirativn\u00ed prost\u0159ed\u00ed pro v\u0161echny.<\/p>\n\t<a href=\"#new-cavaliers\" target=\"_self\" role=\"button\" aria-label=\"PODPORA POWERCHAIR\" rel=\"noopener\">\n\t\t\t\tPODPORA POWERCHAIR\n\t\t\t<\/a>\n<h4>\n\t\tPODPORA T\u00ddMU NEW CAVALIERS\n\t<\/h4>\n<h2>\n\t\tSponzorstv\u00ed t\u00fdmu powerchair hokeje\n\t<\/h2>\n\t<p>V\u011b\u0159\u00edme, \u017ee zdrav\u00e9 sportovn\u00ed aktivity jsou d\u016fle\u017eit\u00e9 pro v\u0161echny, a proto podporujeme pra\u017esk\u00fd powerchair hokejov\u00fd t\u00fdm New Cavaliers, kter\u00fd se pravideln\u011b \u00fa\u010dastn\u00ed \u010desk\u00e9 powerchair ligy i mezin\u00e1rodn\u00edch z\u00e1pas\u016f v Evrop\u011b.<\/p>\n<p>&nbsp;<\/p>\n<p>Krom\u011b sportovn\u00edch aktivit podporujeme zam\u011bstnatelnost pro v\u0161echny. Proto je na\u0161e pracovn\u00ed prost\u0159ed\u00ed zcela bezbari\u00e9rov\u00e9 a jeden z na\u0161ich koleg\u016f je dlouholet\u00fdm \u010dlenem t\u00fdmu New Cavaliers.\u00a0<\/p>\n<p>&nbsp;<\/p>\n<p class=\"translation-block\">V\u00edce informac\u00ed o t\u00fdmu, kter\u00fd podporujeme, naleznete na <a class=\"_e75a791d-denali-editor-page-rtfLink\" href=\"http:\/\/www.flor-in.cz\" target=\"_self\" rel=\"noopener\"><span data-preserver-spaces=\"true\">www.flor-in.cz<\/span><\/a><\/p>\n\t\t\t<a href=\"#eco-friendly\" target=\"_self\" role=\"button\" rel=\"noopener\">\n\t\t\t\t\t\t\tEKOLOGIE\n\t\t\t\t\t<\/a>\n\t\t\t<video src=\"https:\/\/www.crmcarecloud.com\/wp-content\/uploads\/2020\/06\/powerchair_hockey.mp4\" controlslist=\"nodownload\" poster=\"\" preload=\"none\"><\/video>\n\t\t\t\t<img loading=\"lazy\" decoding=\"async\" src=\"https:\/\/www.crmcarecloud.com\/wp-content\/uploads\/2020\/06\/Cortex-We-Care-Sustainable.png\" alt=\"Cortex - We Care Sustainable\" itemprop=\"image\" height=\"925\" width=\"897\" title=\"Cortex - We Care Sustainable\" onerror=\"this.style.display='none'\"  \/>\n<h4>\n\t\tCHR\u00c1N\u00cdME P\u0158\u00cdRODU\n\t<\/h4>\n<h2>\n\t\tEkologick\u00fd a udr\u017eiteln\u00fd r\u016fst\n\t<\/h2>\n\t<p>Je pro n\u00e1s d\u016fle\u017eit\u00e9, abychom co nejm\u00e9n\u011b zat\u011b\u017eovali \u017eivotn\u00ed prost\u0159ed\u00ed. S\u00eddl\u00edme v ekologick\u00e9 budov\u011b s pasivn\u00edm standardem. Speci\u00e1ln\u00ed dvouvrstv\u00e1 okna s vakuem zabra\u0148uj\u00ed \u00faniku tepla a v kombinaci s hlubinn\u00fdmi vrty zaji\u0161\u0165uje minim\u00e1ln\u00ed pot\u0159ebu vyt\u00e1p\u011bn\u00ed v zim\u011b a chytr\u00fd vnit\u0159n\u00ed ventila\u010dn\u00ed syst\u00e9m minimalizuje pot\u0159ebu klimatizace b\u011bhem hork\u00e9ho l\u00e9ta.<\/p>\n<p>Sou\u010d\u00e1st\u00ed na\u0161\u00ed firemn\u00ed kultury je incentivizace zam\u011bstnanc\u016f k t\u0159\u00edd\u011bn\u00ed odpadu a omezen\u00ed tisku. Osv\u011btlen\u00ed v kancel\u00e1\u0159\u00edch je vybaveno \u010didly, kter\u00e1 ur\u010duj\u00ed intenzitu sv\u00edcen\u00ed v z\u00e1vislosti na mno\u017estv\u00ed denn\u00edho sv\u011btla.<\/p>\n<p>Vyu\u017e\u00edv\u00e1me sol\u00e1rn\u00edch panel\u016f nejen k dob\u00edjen\u00ed elektrick\u00fdch kolob\u011b\u017eek, kter\u00e9 pova\u017eujeme za ekologickou alternativu b\u011b\u017en\u00e9 dopravy a kter\u00e9 jsou voln\u011b k dispozici na\u0161im zam\u011bstnanc\u016fm.<\/p>\n<p>Our support of the home office reduces the environmental impact of transportation. We support and follow the principle of sustainable development and perceive the wisdom of Antoine de Saint-Exup\u00e9ry&#8217;s words:<\/p>\n\t\t\t\t<p>Zemi ned\u011bd\u00edme po p\u0159edc\u00edch, n\u00fdbr\u017e si ji jen vyp\u016fj\u010dujeme od na\u0161ich d\u011bt\u00ed.<\/p>\n\t\t\t\t<h4>Antoine de Saint-Exup\u00e9ry<\/h4>\n<h4>\n\t\tZ\u00cdSKEJTE ODPOV\u011aDI\n\t<\/h4>\n<h2>\n\t\tLet&#8217;s Talk CLOUD and Explore How to Grow Your Business\n\t<\/h2>","protected":false},"excerpt":{"rendered":"<p>We Take Care of Everything with Love Social and environmental responsibility is a necessity not only in our company policy but also for everyone contributing to the CareCloud platform Learn more Get in Touch EQUAL OPPORTUNITY Equal Opportunities for Everyone We create an environment respecting the needs and capabilities of every individual. Our culture of&hellip;<\/p>","protected":false},"author":1,"featured_media":0,"parent":0,"menu_order":0,"comment_status":"closed","ping_status":"closed","template":"","meta":{"footnotes":"","_wp_rev_ctl_limit":""},"class_list":["post-1782","page","type-page","status-publish","hentry"],"_links":{"self":[{"href":"https:\/\/www.crmcarecloud.com\/cz\/wp-json\/wp\/v2\/pages\/1782","targetHints":{"allow":["GET"]}}],"collection":[{"href":"https:\/\/www.crmcarecloud.com\/cz\/wp-json\/wp\/v2\/pages"}],"about":[{"href":"https:\/\/www.crmcarecloud.com\/cz\/wp-json\/wp\/v2\/types\/page"}],"author":[{"embeddable":true,"href":"https:\/\/www.crmcarecloud.com\/cz\/wp-json\/wp\/v2\/users\/1"}],"replies":[{"embeddable":true,"href":"https:\/\/www.crmcarecloud.com\/cz\/wp-json\/wp\/v2\/comments?post=1782"}],"version-history":[{"count":1,"href":"https:\/\/www.crmcarecloud.com\/cz\/wp-json\/wp\/v2\/pages\/1782\/revisions"}],"predecessor-version":[{"id":6062,"href":"https:\/\/www.crmcarecloud.com\/cz\/wp-json\/wp\/v2\/pages\/1782\/revisions\/6062"}],"wp:attachment":[{"href":"https:\/\/www.crmcarecloud.com\/cz\/wp-json\/wp\/v2\/media?parent=1782"}],"curies":[{"name":"wp","href":"https:\/\/api.w.org\/{rel}","templated":true}]}}