{"id":1663,"date":"2020-06-15T12:46:38","date_gmt":"2020-06-15T10:46:38","guid":{"rendered":"https:\/\/www.crmcarecloud.com\/?page_id=1663"},"modified":"2023-05-02T15:39:53","modified_gmt":"2023-05-02T13:39:53","slug":"kontaktujte-nas","status":"publish","type":"page","link":"https:\/\/www.crmcarecloud.com\/cz\/kontaktujte-nas\/","title":{"rendered":"Contact"},"content":{"rendered":"<h1>\n\t\tJsme tu pro V\u00e1s\n\t<\/h1>\n\t<h4>Pot\u0159ebujete technickou podporu, chcete se poradit nebo se dozv\u011bd\u011bt v\u00edce o spr\u00e1v\u011b z\u00e1kaznick\u00fdch dat a \u0159\u00edzen\u00ed vztah\u016f? Nev\u00e1hejte a kontaktujte n\u00e1s!<\/h4>\n\t\t\t<a href=\"#contact-details\" role=\"button\" target=\"_self\" onclick=\"\" rel=\"noopener\">\n\t\t\t\t\t\t\t\t\t\t\t\t\t\t\t\t\t\t\t\t\t\tKONTAKTY\n\t\t\t\t\t\t\t<\/a>\n\t\t\t<a href=\"#contact-us\" role=\"button\" target=\"_self\" onclick=\"\" rel=\"noopener\">\n\t\t\t\t\t\t\t\t\t\t\t\t\t\t\t\t\t\t\t\t\t\tFORMUL\u00c1\u0158\n\t\t\t\t\t\t\t<\/a>\n\t\t\t\t<img loading=\"lazy\" decoding=\"async\" src=\"https:\/\/www.crmcarecloud.com\/wp-content\/uploads\/2020\/06\/Contact-Image-01.png\" alt=\"Contact Image 01\" itemprop=\"image\" height=\"764\" width=\"772\" title=\"Contact Image 01\" onerror=\"this.style.display='none'\"  \/>\n<h4>\n\t\tKONTAKTY\n\t<\/h4>\n<h2>\n\t\tNa\u0161e kontaktn\u00ed \u00fadaje\n\t<\/h2>\n\t<p>A\u0165 u\u017e pot\u0159ebujete konzultaci s expertem, kter\u00fd rozum\u00ed Va\u0161emu oboru, nebo se chcete dozv\u011bd\u011bt v\u00edce o CareCloud platform\u011b, jsme tu, abychom V\u00e1m pomohli. Vyu\u017eijte n\u011bkterou z n\u00e1sleduj\u00edc\u00edch mo\u017enost\u00ed:<\/p>\n\t\t\t\t\t\t\t\t\t\t\t\t\t\t\t\t\tGENERAL QUERIES\n\t\t\t\t\t\t\t\t\t\t\t\t\t\t\t\t\tPARTNERSHIP\n\t\t\t\t\t\t\t\t\t\t\t\t\t\t\t\t\tTECHNICAL QUERIES\n\t\t\t\t\t\t\t\t\t\t\t\t\t\t\t\t\tEMPLOYMENT\n\t\t\t\t\t\t\t\t\t\t\t\t\t\t\t\t\tLEGAL\n\t\t\t\t\t\t\tGENERAL QUERIES\n\t\t\t\t<div class=\"fl-builder-content fl-builder-content-2502 fl-builder-template fl-builder-row-template fl-builder-global-templates-locked\" data-post-id=\"2502\"><div class=\"fl-row fl-row-full-width fl-row-bg-none fl-node-5f043dd531dc2 fl-row-default-height fl-row-align-center\" data-node=\"5f043dd531dc2\">\n\t<div class=\"fl-row-content-wrap\">\n\t\t\t\t\t\t<div class=\"fl-row-content fl-row-full-width fl-node-content\">\n\t\t\n<div class=\"fl-col-group fl-node-5f106d45c18c9\" data-node=\"5f106d45c18c9\">\n\t\t\t<div class=\"fl-col fl-node-5f106d45c19a5 fl-col-bg-color\" data-node=\"5f106d45c19a5\">\n\t<div class=\"fl-col-content fl-node-content\"><div class=\"fl-module fl-module-rich-text fl-node-5f106d45c1847\" data-node=\"5f106d45c1847\">\n\t<div class=\"fl-module-content fl-node-content\">\n\t\t<div class=\"fl-rich-text\">\n\t<p>Chcete se dozv\u011bd\u011bt v\u00edce o platform\u011b CareCloud a integrovan\u00fdch aplikac\u00edch? Zaj\u00edm\u00e1 V\u00e1s na\u0161e spole\u010dnost? Vyu\u017eijte tyto kontakty pro z\u00edsk\u00e1n\u00ed odpov\u011bd\u00ed na Va\u0161e ot\u00e1zky.<\/p>\n<\/div>\n\t<\/div>\n<\/div>\n<\/div>\n<\/div>\n\t<\/div>\n\n<div class=\"fl-col-group fl-node-5f043dd531dc5\" data-node=\"5f043dd531dc5\">\n\t\t\t<div class=\"fl-col fl-node-5f043dd531dc6 fl-col-bg-color fl-col-small\" data-node=\"5f043dd531dc6\">\n\t<div class=\"fl-col-content fl-node-content\"><div class=\"fl-module fl-module-icon fl-node-5f043dd531dc8 fl-animation fl-fade-in\" data-node=\"5f043dd531dc8\" data-animation-delay=\"0\" data-animation-duration=\"1\">\n\t<div class=\"fl-module-content fl-node-content\">\n\t\t<div class=\"fl-icon-wrap\">\n\t<span class=\"fl-icon\">\n\t\t\t\t<i class=\"dashicons dashicons-before dashicons-email-alt\" aria-hidden=\"true\"><\/i>\n\t\t\t\t\t<\/span>\n\t\t\t<div id=\"fl-icon-text-5f043dd531dc8\" class=\"fl-icon-text fl-icon-text-wrap\">\n\t\t\t\t\t\t<h4><span style=\"font-size: 12px; color: #999999;\">E-mailov\u00e1 adresa<\/span><\/h4><p><span style=\"color: #000000;\"><a class=\"decypher\" style=\"color: #000000;\">ejbk@yknpat.yv<\/a><\/span><\/p>\t\t\t\t\t<\/div>\n\t<\/div>\n\t<\/div>\n<\/div>\n<\/div>\n<\/div>\n\t\t\t<div class=\"fl-col fl-node-5f043dd531dc7 fl-col-bg-color fl-col-small\" data-node=\"5f043dd531dc7\">\n\t<div class=\"fl-col-content fl-node-content\"><div class=\"fl-module fl-module-icon fl-node-5f043dd531dc9 fl-visible-desktop fl-visible-large fl-visible-medium fl-animation fl-fade-in\" data-node=\"5f043dd531dc9\" data-animation-delay=\"0\" data-animation-duration=\"1\">\n\t<div class=\"fl-module-content fl-node-content\">\n\t\t<div class=\"fl-icon-wrap\">\n\t<span class=\"fl-icon\">\n\t\t\t\t<i class=\"fi-telephone\" aria-hidden=\"true\"><\/i>\n\t\t\t\t\t<\/span>\n\t\t\t<div id=\"fl-icon-text-5f043dd531dc9\" class=\"fl-icon-text fl-icon-text-wrap\">\n\t\t\t\t\t\t<h4><span style=\"font-size: 12px; color: #999999;\">Telefonn\u00ed \u010d\u00edslo<\/span><\/h4><p><a href=\"tel:+420266610465\"><span style=\"color: #000000;\">(+420) 266 610 465<\/span><\/a><\/p>\t\t\t\t\t<\/div>\n\t<\/div>\n\t<\/div>\n<\/div>\n<div class=\"fl-module fl-module-icon fl-node-5f043dd531dca fl-visible-mobile fl-animation fl-fade-in\" data-node=\"5f043dd531dca\" data-animation-delay=\"0\" data-animation-duration=\"1\">\n\t<div class=\"fl-module-content fl-node-content\">\n\t\t<div class=\"fl-icon-wrap\">\n\t<span class=\"fl-icon\">\n\t\t\t\t<i class=\"fi-telephone\" aria-hidden=\"true\"><\/i>\n\t\t\t\t\t<\/span>\n\t\t\t<div id=\"fl-icon-text-5f043dd531dca\" class=\"fl-icon-text fl-icon-text-wrap\">\n\t\t\t\t\t\t<h4><span style=\"font-size: 12px; color: #999999;\">Telefonn\u00ed \u010d\u00edslo<\/span><\/h4><p><a href=\"tel:+420266610465\"><span style=\"color: #808080;\"><span style=\"color: #000000;\">(+420) 266 610 465<\/span><\/span><\/a><\/p>\t\t\t\t\t<\/div>\n\t<\/div>\n\t<\/div>\n<\/div>\n<\/div>\n<\/div>\n\t<\/div>\n\t\t<\/div>\n\t<\/div>\n<\/div>\n<\/div>\t\t\t\n\t\t\t\t\t\t\tPARTNERSTV\u00cd\n\t\t\t\t<div class=\"fl-builder-content fl-builder-content-2491 fl-builder-template fl-builder-row-template fl-builder-global-templates-locked\" data-post-id=\"2491\"><div class=\"fl-row fl-row-full-width fl-row-bg-none fl-node-5f0430e611e1d fl-row-default-height fl-row-align-center\" data-node=\"5f0430e611e1d\">\n\t<div class=\"fl-row-content-wrap\">\n\t\t\t\t\t\t<div class=\"fl-row-content fl-row-full-width fl-node-content\">\n\t\t\n<div class=\"fl-col-group fl-node-5f043101ce701\" data-node=\"5f043101ce701\">\n\t\t\t<div class=\"fl-col fl-node-5f043101ce7e6 fl-col-bg-color\" data-node=\"5f043101ce7e6\">\n\t<div class=\"fl-col-content fl-node-content\"><div class=\"fl-module fl-module-rich-text fl-node-5f0431107f749\" data-node=\"5f0431107f749\">\n\t<div class=\"fl-module-content fl-node-content\">\n\t\t<div class=\"fl-rich-text\">\n\t<p>Hod\u00ed se Va\u0161e aplikace do platformy CareCloud? Chcete integrovat CareCloud do Va\u0161\u00ed infrastruktury? Sd\u011blte n\u00e1m detaily a my budeme spole\u010dn\u011b hledat cestu, jak vytvo\u0159it podm\u00ednky pro \u00fasp\u011b\u0161nou spolupr\u00e1ci.<\/p>\n<\/div>\n\t<\/div>\n<\/div>\n<\/div>\n<\/div>\n\t<\/div>\n\n<div class=\"fl-col-group fl-node-5f0430e611e20\" data-node=\"5f0430e611e20\">\n\t\t\t<div class=\"fl-col fl-node-5f0430e611e21 fl-col-bg-color fl-col-small\" data-node=\"5f0430e611e21\">\n\t<div class=\"fl-col-content fl-node-content\"><div class=\"fl-module fl-module-icon fl-node-5f0430e611e23 fl-animation fl-fade-in\" data-node=\"5f0430e611e23\" data-animation-delay=\"0\" data-animation-duration=\"1\">\n\t<div class=\"fl-module-content fl-node-content\">\n\t\t<div class=\"fl-icon-wrap\">\n\t<span class=\"fl-icon\">\n\t\t\t\t<i class=\"dashicons dashicons-before dashicons-email-alt\" aria-hidden=\"true\"><\/i>\n\t\t\t\t\t<\/span>\n\t\t\t<div id=\"fl-icon-text-5f0430e611e23\" class=\"fl-icon-text fl-icon-text-wrap\">\n\t\t\t\t\t\t<h4><span style=\"font-size: 12px; color: #999999;\">E-mailov\u00e1 adresa<\/span><\/h4><p><span style=\"color: #000000;\"><a class=\"decypher\" style=\"color: #000000;\">lwnpjanodel@yknpat.yv<\/a><\/span><\/p>\t\t\t\t\t<\/div>\n\t<\/div>\n\t<\/div>\n<\/div>\n<\/div>\n<\/div>\n\t\t\t<div class=\"fl-col fl-node-5f0430e611e22 fl-col-bg-color fl-col-small\" data-node=\"5f0430e611e22\">\n\t<div class=\"fl-col-content fl-node-content\"><div class=\"fl-module fl-module-icon fl-node-5f0430e611e24 fl-visible-desktop fl-visible-large fl-visible-medium fl-animation fl-fade-in\" data-node=\"5f0430e611e24\" data-animation-delay=\"0\" data-animation-duration=\"1\">\n\t<div class=\"fl-module-content fl-node-content\">\n\t\t<div class=\"fl-icon-wrap\">\n\t<span class=\"fl-icon\">\n\t\t\t\t<i class=\"fi-telephone\" aria-hidden=\"true\"><\/i>\n\t\t\t\t\t<\/span>\n\t\t\t<div id=\"fl-icon-text-5f0430e611e24\" class=\"fl-icon-text fl-icon-text-wrap\">\n\t\t\t\t\t\t<h4><span style=\"font-size: 12px; color: #999999;\">Telefonn\u00ed \u010d\u00edslo<\/span><\/h4><p><a href=\"tel:+420296779200\"><span style=\"color: #000000;\">(+420) 296 779 200<\/span><\/a><\/p>\t\t\t\t\t<\/div>\n\t<\/div>\n\t<\/div>\n<\/div>\n<div class=\"fl-module fl-module-icon fl-node-5f0430e611e26 fl-visible-mobile fl-animation fl-fade-in\" data-node=\"5f0430e611e26\" data-animation-delay=\"0\" data-animation-duration=\"1\">\n\t<div class=\"fl-module-content fl-node-content\">\n\t\t<div class=\"fl-icon-wrap\">\n\t<span class=\"fl-icon\">\n\t\t\t\t<i class=\"fi-telephone\" aria-hidden=\"true\"><\/i>\n\t\t\t\t\t<\/span>\n\t\t\t<div id=\"fl-icon-text-5f0430e611e26\" class=\"fl-icon-text fl-icon-text-wrap\">\n\t\t\t\t\t\t<h4><span style=\"font-size: 12px; color: #999999;\">Telefonn\u00ed \u010d\u00edslo<\/span><\/h4><p><a href=\"tel:+420296779200\"><span style=\"color: #808080;\"><span style=\"color: #000000;\">(+420) 296 779 200<\/span><\/span><\/a><\/p>\t\t\t\t\t<\/div>\n\t<\/div>\n\t<\/div>\n<\/div>\n<\/div>\n<\/div>\n\t<\/div>\n\t\t<\/div>\n\t<\/div>\n<\/div>\n<\/div>\t\t\t\n\t\t\t\t\t\t\tTECHNICK\u00c9 DOTAZY\n\t\t\t\t<div class=\"fl-builder-content fl-builder-content-2498 fl-builder-template fl-builder-row-template fl-builder-global-templates-locked\" data-post-id=\"2498\"><div class=\"fl-row fl-row-full-width fl-row-bg-none fl-node-5f043a7c2887e fl-row-default-height fl-row-align-center\" data-node=\"5f043a7c2887e\">\n\t<div class=\"fl-row-content-wrap\">\n\t\t\t\t\t\t<div class=\"fl-row-content fl-row-full-width fl-node-content\">\n\t\t\n<div class=\"fl-col-group fl-node-5f043a7c28887\" data-node=\"5f043a7c28887\">\n\t\t\t<div class=\"fl-col fl-node-5f043a7c28888 fl-col-bg-color\" data-node=\"5f043a7c28888\">\n\t<div class=\"fl-col-content fl-node-content\"><div class=\"fl-module fl-module-rich-text fl-node-5f043a7c28889\" data-node=\"5f043a7c28889\">\n\t<div class=\"fl-module-content fl-node-content\">\n\t\t<div class=\"fl-rich-text\">\n\t<p><span style=\"color: #999999;\">R\u00e1di V\u00e1m zodpov\u00edme ve\u0161ker\u00e9 technick\u00e9 dotazy t\u00fdkaj\u00edc\u00ed se CareCloud a jeho integrac\u00ed. N\u00ed\u017ee uveden\u00e9 kontakty vyu\u017eijte pro p\u0159\u00edm\u00e9 spojen\u00ed s IT odd\u011blen\u00edm.<\/span><\/p>\n<\/div>\n\t<\/div>\n<\/div>\n<\/div>\n<\/div>\n\t<\/div>\n\n<div class=\"fl-col-group fl-node-5f043a7c28881\" data-node=\"5f043a7c28881\">\n\t\t\t<div class=\"fl-col fl-node-5f043a7c28882 fl-col-bg-color fl-col-small\" data-node=\"5f043a7c28882\">\n\t<div class=\"fl-col-content fl-node-content\"><div class=\"fl-module fl-module-icon fl-node-5f043a7c28884 fl-animation fl-fade-in\" data-node=\"5f043a7c28884\" data-animation-delay=\"0\" data-animation-duration=\"1\">\n\t<div class=\"fl-module-content fl-node-content\">\n\t\t<div class=\"fl-icon-wrap\">\n\t<span class=\"fl-icon\">\n\t\t\t\t<i class=\"dashicons dashicons-before dashicons-email-alt\" aria-hidden=\"true\"><\/i>\n\t\t\t\t\t<\/span>\n\t\t\t<div id=\"fl-icon-text-5f043a7c28884\" class=\"fl-icon-text fl-icon-text-wrap\">\n\t\t\t\t\t\t<h4><span style=\"font-size: 12px; color: #999999;\">E-mailov\u00e1 adresa<\/span><\/h4><p><span style=\"color: #000000;\"><a class=\"decypher\" style=\"color: #000000;\">oqllknp@ywnayhkqz.yv<\/a><\/span><\/p>\t\t\t\t\t<\/div>\n\t<\/div>\n\t<\/div>\n<\/div>\n<\/div>\n<\/div>\n\t\t\t<div class=\"fl-col fl-node-5f043a7c28883 fl-col-bg-color fl-col-small\" data-node=\"5f043a7c28883\">\n\t<div class=\"fl-col-content fl-node-content\"><div class=\"fl-module fl-module-icon fl-node-5f043a7c28885 fl-visible-desktop fl-visible-large fl-visible-medium fl-animation fl-fade-in\" data-node=\"5f043a7c28885\" data-animation-delay=\"0\" data-animation-duration=\"1\">\n\t<div class=\"fl-module-content fl-node-content\">\n\t\t<div class=\"fl-icon-wrap\">\n\t<span class=\"fl-icon\">\n\t\t\t\t<i class=\"fi-telephone\" aria-hidden=\"true\"><\/i>\n\t\t\t\t\t<\/span>\n\t\t\t<div id=\"fl-icon-text-5f043a7c28885\" class=\"fl-icon-text fl-icon-text-wrap\">\n\t\t\t\t\t\t<h4><span style=\"color: #999999; font-size: 12px;\">Telefonn\u00ed \u010d\u00edslo<\/span><\/h4><p><a href=\"tel:+420296779205\"><span style=\"color: #000000;\">(+420) 296 779 205<\/span><\/a><\/p>\t\t\t\t\t<\/div>\n\t<\/div>\n\t<\/div>\n<\/div>\n<div class=\"fl-module fl-module-icon fl-node-5f043a7c28886 fl-visible-mobile fl-animation fl-fade-in\" data-node=\"5f043a7c28886\" data-animation-delay=\"0\" data-animation-duration=\"1\">\n\t<div class=\"fl-module-content fl-node-content\">\n\t\t<div class=\"fl-icon-wrap\">\n\t<span class=\"fl-icon\">\n\t\t\t\t<i class=\"fi-telephone\" aria-hidden=\"true\"><\/i>\n\t\t\t\t\t<\/span>\n\t\t\t<div id=\"fl-icon-text-5f043a7c28886\" class=\"fl-icon-text fl-icon-text-wrap\">\n\t\t\t\t\t\t<h4><span style=\"font-size: 12px; color: #999999;\">Telefonn\u00ed \u010d\u00edslo<\/span><\/h4><p><a href=\"tel:+420296779205\"><span style=\"color: #808080;\"><span style=\"color: #000000;\">(+420) 296 779 205<\/span><\/span><\/a><\/p>\t\t\t\t\t<\/div>\n\t<\/div>\n\t<\/div>\n<\/div>\n<\/div>\n<\/div>\n\t<\/div>\n\t\t<\/div>\n\t<\/div>\n<\/div>\n<\/div>\t\t\t\n\t\t\t\t\t\t\tZAM\u011aSTN\u00c1N\u00cd\n\t\t\t\t<div class=\"fl-builder-content fl-builder-content-2485 fl-builder-template fl-builder-row-template fl-builder-global-templates-locked\" data-post-id=\"2485\"><div class=\"fl-row fl-row-full-width fl-row-bg-none fl-node-5f042b4a03760 fl-row-default-height fl-row-align-center\" data-node=\"5f042b4a03760\">\n\t<div class=\"fl-row-content-wrap\">\n\t\t\t\t\t\t<div class=\"fl-row-content fl-row-full-width fl-node-content\">\n\t\t\n<div class=\"fl-col-group fl-node-5f1070ba9d08b\" data-node=\"5f1070ba9d08b\">\n\t\t\t<div class=\"fl-col fl-node-5f1070ba9d150 fl-col-bg-color\" data-node=\"5f1070ba9d150\">\n\t<div class=\"fl-col-content fl-node-content\"><div class=\"fl-module fl-module-rich-text fl-node-5f1070ba9d01a\" data-node=\"5f1070ba9d01a\">\n\t<div class=\"fl-module-content fl-node-content\">\n\t\t<div class=\"fl-rich-text\">\n\t<p><span style=\"color: #999999;\">Zaujal V\u00e1s CareCloud a r\u00e1di byste pat\u0159ili do t\u00fdmu, kter\u00fd ho tvo\u0159\u00ed? Pod\u00edvejte se na seznam voln\u00fdch pozic nebo n\u00e1m po\u0161lete sv\u016fj \u017eivotopis. V\u017edy r\u00e1di p\u0159iv\u00edt\u00e1me nov\u00e9, aktivn\u00ed a \u0161ikovn\u00e9 \u010dleny na\u0161eho t\u00fdmu.<\/span><\/p>\n<\/div>\n\t<\/div>\n<\/div>\n<\/div>\n<\/div>\n\t<\/div>\n\n<div class=\"fl-col-group fl-node-5f042b4a03764\" data-node=\"5f042b4a03764\">\n\t\t\t<div class=\"fl-col fl-node-5f042b4a03765 fl-col-bg-color fl-col-small\" data-node=\"5f042b4a03765\">\n\t<div class=\"fl-col-content fl-node-content\"><div class=\"fl-module fl-module-icon fl-node-5f042b4a03767 fl-animation fl-fade-in\" data-node=\"5f042b4a03767\" data-animation-delay=\"0\" data-animation-duration=\"1\">\n\t<div class=\"fl-module-content fl-node-content\">\n\t\t<div class=\"fl-icon-wrap\">\n\t<span class=\"fl-icon\">\n\t\t\t\t<i class=\"dashicons dashicons-before dashicons-email-alt\" aria-hidden=\"true\"><\/i>\n\t\t\t\t\t<\/span>\n\t\t\t<div id=\"fl-icon-text-5f042b4a03767\" class=\"fl-icon-text fl-icon-text-wrap\">\n\t\t\t\t\t\t<h4><span style=\"color: #999999; font-size: 12px;\">E-mailov\u00e1 adresa<\/span><\/h4><p><span style=\"color: #000000;\"><a class=\"decypher\" style=\"color: #000000;\">lnezafoa@yknpat.yv<\/a><\/span><\/p>\t\t\t\t\t<\/div>\n\t<\/div>\n\t<\/div>\n<\/div>\n<div class=\"fl-module fl-module-icon fl-node-5f042d63f03c5 fl-animation fl-fade-in\" data-node=\"5f042d63f03c5\" data-animation-delay=\"0\" data-animation-duration=\"1\">\n\t<div class=\"fl-module-content fl-node-content\">\n\t\t<div class=\"fl-icon-wrap\">\n\t<span class=\"fl-icon\">\n\t\t\t\t<i class=\"fi-web\" aria-hidden=\"true\"><\/i>\n\t\t\t\t\t<\/span>\n\t\t\t<div id=\"fl-icon-text-5f042d63f03c5\" class=\"fl-icon-text fl-icon-text-wrap\">\n\t\t\t\t\t\t<h4><span style=\"font-size: 12px; color: #999999;\">Webov\u00e9 str\u00e1nky<\/span><\/h4><p><span style=\"color: #808080;\"><a style=\"color: #808080;\" href=\"https:\/\/pridejsedo.cortex.cz\/\" target=\"_blank\" rel=\"noopener\"><span style=\"color: #000000;\">pridejsedo.cortex.cz<\/span><\/a><\/span><\/p>\t\t\t\t\t<\/div>\n\t<\/div>\n\t<\/div>\n<\/div>\n<\/div>\n<\/div>\n\t\t\t<div class=\"fl-col fl-node-5f042b4a03766 fl-col-bg-color fl-col-small\" data-node=\"5f042b4a03766\">\n\t<div class=\"fl-col-content fl-node-content\"><div class=\"fl-module fl-module-icon fl-node-5f042c26c0528 fl-visible-desktop fl-visible-large fl-visible-medium fl-animation fl-fade-in\" data-node=\"5f042c26c0528\" data-animation-delay=\"0\" data-animation-duration=\"1\">\n\t<div class=\"fl-module-content fl-node-content\">\n\t\t<div class=\"fl-icon-wrap\">\n\t<span class=\"fl-icon\">\n\t\t\t\t<i class=\"fi-telephone\" aria-hidden=\"true\"><\/i>\n\t\t\t\t\t<\/span>\n\t\t\t<div id=\"fl-icon-text-5f042c26c0528\" class=\"fl-icon-text fl-icon-text-wrap\">\n\t\t\t\t\t\t<h4><span style=\"font-size: 12px; color: #999999;\">Telefonn\u00ed \u010d\u00edslo<\/span><\/h4><p><span style=\"color: #000000;\">(+420) 296 779 203<\/span><\/p>\t\t\t\t\t<\/div>\n\t<\/div>\n\t<\/div>\n<\/div>\n<div class=\"fl-module fl-module-icon fl-node-5f042eda5357c fl-visible-mobile fl-animation fl-fade-in\" data-node=\"5f042eda5357c\" data-animation-delay=\"0\" data-animation-duration=\"1\">\n\t<div class=\"fl-module-content fl-node-content\">\n\t\t<div class=\"fl-icon-wrap\">\n\t<span class=\"fl-icon\">\n\t\t\t\t<i class=\"fi-telephone\" aria-hidden=\"true\"><\/i>\n\t\t\t\t\t<\/span>\n\t\t\t<div id=\"fl-icon-text-5f042eda5357c\" class=\"fl-icon-text fl-icon-text-wrap\">\n\t\t\t\t\t\t<h4><span style=\"font-size: 12px; color: #999999;\">Telefonn\u00ed \u010d\u00edslo<\/span><\/h4><p><a href=\"tel:+420296779203\"><span style=\"color: #808080;\"><span style=\"color: #000000;\">(+420) 296 779 203<\/span><\/span><\/a><\/p>\t\t\t\t\t<\/div>\n\t<\/div>\n\t<\/div>\n<\/div>\n<\/div>\n<\/div>\n\t<\/div>\n\t\t<\/div>\n\t<\/div>\n<\/div>\n<\/div>\t\t\t\n\t\t\t\t\t\t\tPR\u00c1VN\u00cd\n\t\t\t\t<div class=\"fl-builder-content fl-builder-content-2466 fl-builder-template fl-builder-row-template fl-builder-global-templates-locked\" data-post-id=\"2466\"><div class=\"fl-row fl-row-full-width fl-row-bg-none fl-node-5f042758f0c93 fl-row-default-height fl-row-align-center\" data-node=\"5f042758f0c93\">\n\t<div class=\"fl-row-content-wrap\">\n\t\t\t\t\t\t<div class=\"fl-row-content fl-row-full-width fl-node-content\">\n\t\t\n<div class=\"fl-col-group fl-node-5f2027152b89e\" data-node=\"5f2027152b89e\">\n\t\t\t<div class=\"fl-col fl-node-5f2027152b97f fl-col-bg-color\" data-node=\"5f2027152b97f\">\n\t<div class=\"fl-col-content fl-node-content\"><div class=\"fl-module fl-module-rich-text fl-node-5f2027152b81a\" data-node=\"5f2027152b81a\">\n\t<div class=\"fl-module-content fl-node-content\">\n\t\t<div class=\"fl-rich-text\">\n\t<p>Na n\u00ed\u017ee uveden\u00fdch kontaktech z\u00edsk\u00e1te ve\u0161ker\u00e9 pr\u00e1vn\u00ed informace o spole\u010dnosti Cortex, a.s., kter\u00e1 vyv\u00edj\u00ed platformu CareCloud. Pro dotazy ohledn\u011b GDPR \u010di jin\u00fdch pr\u00e1vn\u00edch aspektech vyu\u017eijte tyto kontakty:<\/p>\n<\/div>\n\t<\/div>\n<\/div>\n<\/div>\n<\/div>\n\t<\/div>\n\n<div class=\"fl-col-group fl-node-5f0427e0d60b8\" data-node=\"5f0427e0d60b8\">\n\t\t\t<div class=\"fl-col fl-node-5f0427e0d61a8 fl-col-bg-color fl-col-small\" data-node=\"5f0427e0d61a8\">\n\t<div class=\"fl-col-content fl-node-content\"><div class=\"fl-module fl-module-icon fl-node-5f0427ef8d38d fl-animation fl-fade-in\" data-node=\"5f0427ef8d38d\" data-animation-delay=\"0\" data-animation-duration=\"1\">\n\t<div class=\"fl-module-content fl-node-content\">\n\t\t<div class=\"fl-icon-wrap\">\n\t<span class=\"fl-icon\">\n\t\t\t\t<i class=\"fas fa-map-marker-alt\" aria-hidden=\"true\"><\/i>\n\t\t\t\t\t<\/span>\n\t\t\t<div id=\"fl-icon-text-5f0427ef8d38d\" class=\"fl-icon-text fl-icon-text-wrap\">\n\t\t\t\t\t\t<h4><span style=\"font-size: 12px; color: #999999;\">Adresa<\/span><\/h4><p><span style=\"color: #000000;\">Cortex, a.s. se s\u00eddlem Praha 9, U Elektry 974\/1c, 190 00, \u010cesk\u00e1 Republika<\/span><\/p>\t\t\t\t\t<\/div>\n\t<\/div>\n\t<\/div>\n<\/div>\n<div class=\"fl-module fl-module-icon fl-node-5f20277e7d984 fl-animation fl-fade-in\" data-node=\"5f20277e7d984\" data-animation-delay=\"0\" data-animation-duration=\"1\">\n\t<div class=\"fl-module-content fl-node-content\">\n\t\t<div class=\"fl-icon-wrap\">\n\t<span class=\"fl-icon\">\n\t\t\t\t<i class=\"dashicons dashicons-before dashicons-email-alt\" aria-hidden=\"true\"><\/i>\n\t\t\t\t\t<\/span>\n\t\t\t<div id=\"fl-icon-text-5f20277e7d984\" class=\"fl-icon-text fl-icon-text-wrap\">\n\t\t\t\t\t\t<h4><span style=\"font-size: 12px; color: #999999;\">E-mailov\u00e1 adresa<\/span><\/h4><p><span style=\"color: #000000;\"><a class=\"decypher\" style=\"color: #000000;\">zlk@yknpat.yv<\/a><\/span><\/p>\t\t\t\t\t<\/div>\n\t<\/div>\n\t<\/div>\n<\/div>\n<\/div>\n<\/div>\n\t\t\t<div class=\"fl-col fl-node-5f0427e0d61ab fl-col-bg-color fl-col-small\" data-node=\"5f0427e0d61ab\">\n\t<div class=\"fl-col-content fl-node-content\"><div class=\"fl-module fl-module-icon fl-node-5f0427dc33d51 fl-animation fl-fade-in\" data-node=\"5f0427dc33d51\" data-animation-delay=\"0\" data-animation-duration=\"1\">\n\t<div class=\"fl-module-content fl-node-content\">\n\t\t<div class=\"fl-icon-wrap\">\n\t<span class=\"fl-icon\">\n\t\t\t\t<i class=\"fas fa-euro-sign\" aria-hidden=\"true\"><\/i>\n\t\t\t\t\t<\/span>\n\t\t\t<div id=\"fl-icon-text-5f0427dc33d51\" class=\"fl-icon-text fl-icon-text-wrap\">\n\t\t\t\t\t\t<h4><span style=\"font-size: 12px; color: #999999;\">Identifikace<\/span><\/h4><p><span style=\"color: #000000;\">I\u010cO: 47125616<\/span><span style=\"color: #000000;\">DI\u010c: CZ47125616<\/span><\/p>\t\t\t\t\t<\/div>\n\t<\/div>\n\t<\/div>\n<\/div>\n<\/div>\n<\/div>\n\t<\/div>\n\t\t<\/div>\n\t<\/div>\n<\/div>\n<\/div>\t\t\t\n\t\t\t\t<img loading=\"lazy\" decoding=\"async\" src=\"https:\/\/www.crmcarecloud.com\/wp-content\/uploads\/2020\/05\/kreslo.png\" alt=\"kreslo\" itemprop=\"image\" height=\"1116\" width=\"1083\" title=\"kreslo\" onerror=\"this.style.display='none'\"  \/>\n<h4>\n\t\tP\u0158IPOJTE SE DO CLOUDU\n\t<\/h4>\n<h2>\n\t\tChcete v\u011bd\u011bt v\u00edce o funkcionalit\u00e1ch platformy CDP &amp; CRM CareCloud?\n\t<\/h2>\n<form action=\"\">\n\t<input type=\"hidden\" name=\"fl-layout-id\" value=\"1663\" \/>\n    \n\t\n\tFill in your contact details to get answers to the questions you have about CareCloud &#8211; from product description and pricing to casual talk about your customers and your business. \nOne of our experts will contact you soon.\n\t\n    \t\t<label for=\"pp-name-\">Jm\u00e9no<\/label>\n    \t\tPlease enter your name.\n    \t\t<input type=\"text\" name=\"pp-name\" id=\"pp-name-\" value=\"\" placeholder=\"Jm\u00e9no\"  \/>\n    \t\t<label for=\"pp-email-\">E-mailov\u00e1 adresa<\/label>\n    \t\tPlease enter a valid email address.\n    \t\t<input type=\"email\" name=\"pp-email\" id=\"pp-email-\" value=\"\" placeholder=\"E-mailov\u00e1 adresa\"  \/>\n    \t\t<label for=\"pp-phone-\">Telefonn\u00ed \u010d\u00edslo<\/label>\n    \t\tPlease enter a valid phone number.\n    \t\t<input type=\"tel\" name=\"pp-phone\" id=\"pp-phone-\" value=\"\" placeholder=\"Telefonn\u00ed \u010d\u00edslo\"  \/>\n    \t\t<label for=\"pp-message-\">Dotaz \u010di zpr\u00e1va<\/label>\n    \t\tPlease type your message.\n    \t\t<textarea name=\"pp-message\" id=\"pp-message-\" placeholder=\"Dotaz \u010di zpr\u00e1va\"><\/textarea>\n\t\t\t<p>Please check the captcha to verify you are not a robot.<\/p>\n\t\t<input type=\"checkbox\" name=\"pp-checkbox\" id=\"pp-checkbox_\" value=\"1\" \/>\n\t\t<label for=\"pp-checkbox_\">&#038;nbsp &#038;nbspI agree with the processing of my personal data under the <a href=\"https:\/\/www.crmcarecloud.com\/cz\/privacy-policy-cookie-use\/\">Ochrana soukrom\u00ed<\/a>.<\/label>\n\t\tPlease check this field.\n    \t<a href=\"#\" target=\"_self\" role=\"button\" rel=\"noopener\">\n    \t\t    \t\t    \t\tODESLAT\n    \t\t    \t<\/a>\n\t\t\tWe could not save your data. Please try again.\n<input type=\"hidden\" name=\"trp-form-language\" value=\"cz\"\/><\/form>\n  <p>D\u011bkujeme, brzy se s V\u00e1mi spoj\u00edme!<\/p>","protected":false},"excerpt":{"rendered":"<p>We Are Always Here to Help You Get in touch with us to receive support, advice, or learn more about customer data processing and relationship management CONTACT US Contact Form CONTACT US Feel Free to Get in Touch Whether you want a call with an expert understanding your business or want to learn more about&hellip;<\/p>","protected":false},"author":1,"featured_media":0,"parent":0,"menu_order":0,"comment_status":"closed","ping_status":"closed","template":"","meta":{"footnotes":"","_wp_rev_ctl_limit":""},"class_list":["post-1663","page","type-page","status-publish","hentry"],"_links":{"self":[{"href":"https:\/\/www.crmcarecloud.com\/cz\/wp-json\/wp\/v2\/pages\/1663","targetHints":{"allow":["GET"]}}],"collection":[{"href":"https:\/\/www.crmcarecloud.com\/cz\/wp-json\/wp\/v2\/pages"}],"about":[{"href":"https:\/\/www.crmcarecloud.com\/cz\/wp-json\/wp\/v2\/types\/page"}],"author":[{"embeddable":true,"href":"https:\/\/www.crmcarecloud.com\/cz\/wp-json\/wp\/v2\/users\/1"}],"replies":[{"embeddable":true,"href":"https:\/\/www.crmcarecloud.com\/cz\/wp-json\/wp\/v2\/comments?post=1663"}],"version-history":[{"count":2,"href":"https:\/\/www.crmcarecloud.com\/cz\/wp-json\/wp\/v2\/pages\/1663\/revisions"}],"predecessor-version":[{"id":6442,"href":"https:\/\/www.crmcarecloud.com\/cz\/wp-json\/wp\/v2\/pages\/1663\/revisions\/6442"}],"wp:attachment":[{"href":"https:\/\/www.crmcarecloud.com\/cz\/wp-json\/wp\/v2\/media?parent=1663"}],"curies":[{"name":"wp","href":"https:\/\/api.w.org\/{rel}","templated":true}]}}